{"id":595,"date":"2018-01-18T13:07:53","date_gmt":"2018-01-18T11:07:53","guid":{"rendered":"https:\/\/www.lilleplast.ee\/?page_id=595"},"modified":"2018-04-04T18:52:48","modified_gmt":"2018-04-04T15:52:48","slug":"home","status":"publish","type":"page","link":"https:\/\/lilleplast.ee\/en\/","title":{"rendered":"Home"},"content":{"rendered":"<div class=\"wpb-content-wrapper\">[vc_row el_class=&#8221;slaider&#8221;][vc_column][rev_slider_vc alias=&#8221;eng&#8221;][\/vc_column][\/vc_row][vc_row css=&#8221;.vc_custom_1515948701065{margin-bottom: 90px !important;}&#8221;][vc_column][vc_column_text]<div class=\"carousel-slider-outer carousel-slider-outer-image-carousel-url carousel-slider-outer-831\" style=\"--carousel-slider-nav-color:#f1f1f1;--carousel-slider-active-nav-color:#ffffff;--carousel-slider-arrow-size:40px;--carousel-slider-bullet-size:10px\">\n<div id=\"&#039;id-831\" class=\"carousel-slider carousel-slider-831 arrows-visibility-always dots-visibility-never arrows-outside dots-center dots-square owl-carousel\" data-slide-type=\"image-carousel-url\" data-owl-settings='{\"nav\":true,\"dots\":false,\"slideBy\":1,\"stagePadding\":20,\"margin\":30,\"loop\":true,\"lazyLoad\":false,\"autoplay\":false,\"autoplayTimeout\":5000,\"autoplaySpeed\":500,\"autoplayHoverPause\":false,\"autoWidth\":false,\"responsive\":{\"300\":{\"items\":1},\"576\":{\"items\":2},\"768\":{\"items\":2},\"1024\":{\"items\":3},\"1280\":{\"items\":4},\"1536\":{\"items\":5}}}'>\n<div class=\"carousel-slider__item\">\n\t<a href=\"https:\/\/www.lilleplast.ee\/en\/products\/estonian-eu-number-plate-frames\/\" target=\"_self\"><img decoding=\"async\" alt=\"\" src=\"https:\/\/www.lilleplast.ee\/wp-content\/uploads\/2018\/01\/numbrialused-est.png\" \/><div class=\"carousel-slider__caption\"><h4 class=\"title\">Estonian\/EU number plate frames<\/h4><\/div><\/a><\/div>\n<div class=\"carousel-slider__item\">\n\t<a href=\"https:\/\/www.lilleplast.ee\/en\/products\/finnish-number-plate-frames\/\" target=\"_self\"><img decoding=\"async\" alt=\"\" src=\"https:\/\/www.lilleplast.ee\/wp-content\/uploads\/2018\/01\/numbrialused-fin.png\" \/><div class=\"carousel-slider__caption\"><h4 class=\"title\">Finnish number plate frames<\/h4><\/div><\/a><\/div>\n<div class=\"carousel-slider__item\">\n\t<a href=\"https:\/\/www.lilleplast.ee\/en\/products\/us-number-plate-frames\/\" target=\"_self\"><img decoding=\"async\" alt=\"\" src=\"https:\/\/www.lilleplast.ee\/wp-content\/uploads\/2018\/01\/numbrialused-usa.png\" \/><div class=\"carousel-slider__caption\"><h4 class=\"title\">US number plate frames<\/h4><\/div><\/a><\/div>\n<div class=\"carousel-slider__item\">\n\t<a href=\"https:\/\/www.lilleplast.ee\/en\/products\/motorcycle-number-plate-frames\/\" target=\"_self\"><img decoding=\"async\" alt=\"\" src=\"https:\/\/www.lilleplast.ee\/wp-content\/uploads\/2018\/01\/mootorratta-numbrialused.png\" \/><div class=\"carousel-slider__caption\"><h4 class=\"title\">Motorcycle number plate frames<\/h4><\/div><\/a><\/div>\n<div class=\"carousel-slider__item\">\n\t<a href=\"https:\/\/www.lilleplast.ee\/en\/products\/truck-number-plate-frames\/\" target=\"_self\"><img decoding=\"async\" alt=\"\" src=\"https:\/\/www.lilleplast.ee\/wp-content\/uploads\/2018\/01\/numbrialused-est.png\" \/><div class=\"carousel-slider__caption\"><h4 class=\"title\">Truck number plate frames<\/h4><\/div><\/a><\/div>\n<div class=\"carousel-slider__item\">\n\t<a href=\"https:\/\/www.lilleplast.ee\/en\/products\/printing-number-plate-frames\/\" target=\"_self\"><img decoding=\"async\" alt=\"\" src=\"https:\/\/www.lilleplast.ee\/wp-content\/uploads\/2018\/01\/numbrimargialuste-trukk.png\" \/><div class=\"carousel-slider__caption\"><h4 class=\"title\">Printing on number plate frames<\/h4><\/div><\/a><\/div>\n<div class=\"carousel-slider__item\">\n\t<a href=\"https:\/\/www.lilleplast.ee\/en\/products\/printed-plastic-number-plate\/\" target=\"_self\"><img decoding=\"async\" alt=\"\" src=\"https:\/\/www.lilleplast.ee\/wp-content\/uploads\/2018\/01\/rinta-jouppi.png\" \/><div class=\"carousel-slider__caption\"><h4 class=\"title\">Printed plastic number plate<\/h4><\/div><\/a><\/div>\n<div class=\"carousel-slider__item\">\n\t<a href=\"https:\/\/www.lilleplast.ee\/en\/products\/custom-orders\/\" target=\"_self\"><img decoding=\"async\" alt=\"\" src=\"https:\/\/www.lilleplast.ee\/wp-content\/uploads\/2018\/01\/eritellimustood-1.png\" \/><div class=\"carousel-slider__caption\"><h4 class=\"title\">Custom orders<\/h4><\/div><\/a><\/div>\n<div class=\"carousel-slider__item\">\n\t<a href=\"https:\/\/www.lilleplast.ee\/en\/products\/foil-print-gold-or-silver-mirror\/\" target=\"_self\"><img decoding=\"async\" alt=\"\" src=\"https:\/\/www.lilleplast.ee\/wp-content\/uploads\/2019\/12\/lilleplast-numbrialus.jpg\" \/><div class=\"carousel-slider__caption\"><h4 class=\"title\">Foil printed number plate frame<\/h4><\/div><\/a><\/div>\n<\/div><!-- .carousel-slider-831 -->\n<\/div><!-- .carousel-slider-outer-831 -->\n[\/vc_column_text][\/vc_column][\/vc_row][vc_row css=&#8221;.vc_custom_1515949120409{margin-bottom: 100px !important;}&#8221;][vc_column width=&#8221;3\/4&#8243;][vc_row_inner][vc_column_inner width=&#8221;1\/6&#8243;][vc_custom_heading text=&#8221;ABOUT&#8221; font_container=&#8221;tag:h2|font_size:26px|text_align:left|color:%23ffffff|line_height:30px&#8221; google_fonts=&#8221;font_family:Oswald%3A300%2Cregular%2C700|font_style:400%20regular%3A400%3Anormal&#8221;][\/vc_column_inner][vc_column_inner width=&#8221;5\/6&#8243;][vc_column_text]Welcome to lilleplast.ee. Our company&#8217;s core values are openness, progressiveness and dedication. The company was founded in 1987. Our main area of operation is making quality number plate frames for vehicles using high-durability ABS Plastic. In our desire to be a better and more professional partner for our customers, we are also open to various custom orders for plastic items. Thank you for choosing Lilleplast O\u00dc products.[\/vc_column_text][\/vc_column_inner][\/vc_row_inner][vc_row_inner css=&#8221;.vc_custom_1515948935261{margin-top: 15px !important;}&#8221;][vc_column_inner width=&#8221;1\/6&#8243;][\/vc_column_inner][vc_column_inner width=&#8221;2\/3&#8243;][vc_single_image image=&#8221;120&#8243; img_size=&#8221;full&#8221; css=&#8221;.vc_custom_1515948833534{margin-bottom: 20px !important;}&#8221;][\/vc_column_inner][vc_column_inner width=&#8221;1\/6&#8243;][vc_custom_heading text=&#8221;READ MORE&#8221; font_container=&#8221;tag:p|font_size:18px|text_align:right|color:%23ff2c2c|line_height:22px&#8221; google_fonts=&#8221;font_family:Quicksand%3A300%2Cregular%2C700|font_style:700%20bold%20regular%3A700%3Anormal&#8221; link=&#8221;url:https%3A%2F%2Fwww.lilleplast.ee%2Fen%2Fabout%2F|||&#8221; css=&#8221;.vc_custom_1516372718165{margin-bottom: 20px !important;}&#8221;][\/vc_column_inner][\/vc_row_inner][\/vc_column][vc_column width=&#8221;1\/4&#8243;][\/vc_column][\/vc_row][vc_row css=&#8221;.vc_custom_1515949824518{margin-bottom: 60px !important;}&#8221;][vc_column width=&#8221;1\/2&#8243;][\/vc_column][vc_column width=&#8221;1\/2&#8243;][vc_row_inner css=&#8221;.vc_custom_1515949205623{margin-bottom: 10px !important;}&#8221;][vc_column_inner width=&#8221;1\/3&#8243; css=&#8221;.vc_custom_1515949194252{margin-bottom: 20px !important;}&#8221;][vc_custom_heading text=&#8221;INSTRUCTIONS&#8221; font_container=&#8221;tag:h2|font_size:26px|text_align:left|color:%23ffffff|line_height:30px&#8221; google_fonts=&#8221;font_family:Oswald%3A300%2Cregular%2C700|font_style:400%20regular%3A400%3Anormal&#8221;][\/vc_column_inner][vc_column_inner width=&#8221;2\/3&#8243;][vc_column_text]Our number plate frames are easy to install and take only a couple of minutes.[\/vc_column_text][\/vc_column_inner][\/vc_row_inner][vc_row_inner css=&#8221;.vc_custom_1515948935261{margin-top: 15px !important;}&#8221;][vc_column_inner width=&#8221;2\/3&#8243;][vc_single_image image=&#8221;125&#8243; img_size=&#8221;full&#8221; css=&#8221;.vc_custom_1515949333381{margin-bottom: 20px !important;}&#8221;][\/vc_column_inner][vc_column_inner width=&#8221;1\/3&#8243;][vc_custom_heading text=&#8221;READ MORE&#8221; font_container=&#8221;tag:p|font_size:18px|text_align:right|color:%23ff2c2c|line_height:22px&#8221; google_fonts=&#8221;font_family:Quicksand%3A300%2Cregular%2C700|font_style:700%20bold%20regular%3A700%3Anormal&#8221; link=&#8221;url:https%3A%2F%2Fwww.lilleplast.ee%2Fen%2Finstructions%2F|||&#8221; css=&#8221;.vc_custom_1516372729555{margin-bottom: 20px !important;}&#8221;][\/vc_column_inner][\/vc_row_inner][\/vc_column][\/vc_row]\n<\/div>","protected":false},"excerpt":{"rendered":"<p>[vc_row el_class=&#8221;slaider&#8221;][vc_column][rev_slider_vc alias=&#8221;eng&#8221;][\/vc_column][\/vc_row][vc_row css=&#8221;.vc_custom_1515948701065{margin-bottom: 90px !important;}&#8221;][vc_column][vc_column_text][\/vc_column_text][\/vc_column][\/vc_row][vc_row css=&#8221;.vc_custom_1515949120409{margin-bottom: 100px !important;}&#8221;][vc_column width=&#8221;3\/4&#8243;][vc_row_inner][vc_column_inner width=&#8221;1\/6&#8243;][vc_custom_heading text=&#8221;ABOUT&#8221; font_container=&#8221;tag:h2|font_size:26px|text_align:left|color:%23ffffff|line_height:30px&#8221; google_fonts=&#8221;font_family:Oswald%3A300%2Cregular%2C700|font_style:400%20regular%3A400%3Anormal&#8221;][\/vc_column_inner][vc_column_inner width=&#8221;5\/6&#8243;][vc_column_text]Welcome to lilleplast.ee. Our company&#8217;s core values are openness, progressiveness and dedication. The company was founded in 1987. Our main area of operation is making quality number plate frames for vehicles using high-durability ABS Plastic. In our desire to be a&#8230;<\/p>\n","protected":false},"author":1,"featured_media":0,"parent":0,"menu_order":0,"comment_status":"closed","ping_status":"closed","template":"page-full.php","meta":{"footnotes":""},"class_list":["post-595","page","type-page","status-publish","hentry"],"yoast_head":"<!-- This site is optimized with the Yoast SEO plugin v27.3 - https:\/\/yoast.com\/product\/yoast-seo-wordpress\/ -->\n<title>Home | Lilleplast | Eesti juhtiv numbrialuste tootja<\/title>\n<meta name=\"description\" content=\"Lilleplast tegeleb numbrim\u00e4rgialuste tootmisega. Oleme Eesti juhtiv numbrialuste tootja kasutades p\u00f5hjamaisele kliimale m\u00f5eldud ABS plastikut. Uuri lisa siit\" \/>\n<meta name=\"robots\" content=\"index, follow, max-snippet:-1, max-image-preview:large, max-video-preview:-1\" \/>\n<link rel=\"canonical\" href=\"https:\/\/www.lilleplast.ee\/en\/\" \/>\n<meta property=\"og:locale\" content=\"en_US\" \/>\n<meta property=\"og:type\" content=\"article\" \/>\n<meta property=\"og:title\" content=\"Home | Lilleplast | Eesti juhtiv numbrialuste tootja\" \/>\n<meta property=\"og:description\" content=\"Lilleplast tegeleb numbrim\u00e4rgialuste tootmisega. Oleme Eesti juhtiv numbrialuste tootja kasutades p\u00f5hjamaisele kliimale m\u00f5eldud ABS plastikut. Uuri lisa siit\" \/>\n<meta property=\"og:url\" content=\"https:\/\/www.lilleplast.ee\/en\/\" \/>\n<meta property=\"og:site_name\" content=\"Lilleplast | Eesti juhtiv numbrialuste tootja\" \/>\n<meta property=\"article:modified_time\" content=\"2018-04-04T15:52:48+00:00\" \/>\n<meta name=\"twitter:card\" content=\"summary_large_image\" \/>\n<meta name=\"twitter:label1\" content=\"Est. reading time\" \/>\n\t<meta name=\"twitter:data1\" content=\"2 minutes\" \/>\n<script type=\"application\/ld+json\" class=\"yoast-schema-graph\">{\"@context\":\"https:\\\/\\\/schema.org\",\"@graph\":[{\"@type\":\"WebPage\",\"@id\":\"https:\\\/\\\/www.lilleplast.ee\\\/en\\\/\",\"url\":\"https:\\\/\\\/www.lilleplast.ee\\\/en\\\/\",\"name\":\"Home | Lilleplast | Eesti juhtiv numbrialuste tootja\",\"isPartOf\":{\"@id\":\"https:\\\/\\\/lilleplast.ee\\\/#website\"},\"datePublished\":\"2018-01-18T11:07:53+00:00\",\"dateModified\":\"2018-04-04T15:52:48+00:00\",\"description\":\"Lilleplast tegeleb numbrim\u00e4rgialuste tootmisega. Oleme Eesti juhtiv numbrialuste tootja kasutades p\u00f5hjamaisele kliimale m\u00f5eldud ABS plastikut. Uuri lisa siit\",\"breadcrumb\":{\"@id\":\"https:\\\/\\\/www.lilleplast.ee\\\/en\\\/#breadcrumb\"},\"inLanguage\":\"en-US\",\"potentialAction\":[{\"@type\":\"ReadAction\",\"target\":[\"https:\\\/\\\/www.lilleplast.ee\\\/en\\\/\"]}]},{\"@type\":\"BreadcrumbList\",\"@id\":\"https:\\\/\\\/www.lilleplast.ee\\\/en\\\/#breadcrumb\",\"itemListElement\":[{\"@type\":\"ListItem\",\"position\":1,\"name\":\"Home\",\"item\":\"https:\\\/\\\/www.lilleplast.ee\\\/en\\\/\"},{\"@type\":\"ListItem\",\"position\":2,\"name\":\"Home\"}]},{\"@type\":\"WebSite\",\"@id\":\"https:\\\/\\\/lilleplast.ee\\\/#website\",\"url\":\"https:\\\/\\\/lilleplast.ee\\\/\",\"name\":\"Lilleplast | Eesti juhtiv numbrialuste tootja\",\"description\":\"Eesti juhtiv numbrialuste tootja\",\"potentialAction\":[{\"@type\":\"SearchAction\",\"target\":{\"@type\":\"EntryPoint\",\"urlTemplate\":\"https:\\\/\\\/lilleplast.ee\\\/?s={search_term_string}\"},\"query-input\":{\"@type\":\"PropertyValueSpecification\",\"valueRequired\":true,\"valueName\":\"search_term_string\"}}],\"inLanguage\":\"en-US\"}]}<\/script>\n<!-- \/ Yoast SEO plugin. -->","yoast_head_json":{"title":"Home | Lilleplast | Eesti juhtiv numbrialuste tootja","description":"Lilleplast tegeleb numbrim\u00e4rgialuste tootmisega. Oleme Eesti juhtiv numbrialuste tootja kasutades p\u00f5hjamaisele kliimale m\u00f5eldud ABS plastikut. Uuri lisa siit","robots":{"index":"index","follow":"follow","max-snippet":"max-snippet:-1","max-image-preview":"max-image-preview:large","max-video-preview":"max-video-preview:-1"},"canonical":"https:\/\/www.lilleplast.ee\/en\/","og_locale":"en_US","og_type":"article","og_title":"Home | Lilleplast | Eesti juhtiv numbrialuste tootja","og_description":"Lilleplast tegeleb numbrim\u00e4rgialuste tootmisega. Oleme Eesti juhtiv numbrialuste tootja kasutades p\u00f5hjamaisele kliimale m\u00f5eldud ABS plastikut. Uuri lisa siit","og_url":"https:\/\/www.lilleplast.ee\/en\/","og_site_name":"Lilleplast | Eesti juhtiv numbrialuste tootja","article_modified_time":"2018-04-04T15:52:48+00:00","twitter_card":"summary_large_image","twitter_misc":{"Est. reading time":"2 minutes"},"schema":{"@context":"https:\/\/schema.org","@graph":[{"@type":"WebPage","@id":"https:\/\/www.lilleplast.ee\/en\/","url":"https:\/\/www.lilleplast.ee\/en\/","name":"Home | Lilleplast | Eesti juhtiv numbrialuste tootja","isPartOf":{"@id":"https:\/\/lilleplast.ee\/#website"},"datePublished":"2018-01-18T11:07:53+00:00","dateModified":"2018-04-04T15:52:48+00:00","description":"Lilleplast tegeleb numbrim\u00e4rgialuste tootmisega. Oleme Eesti juhtiv numbrialuste tootja kasutades p\u00f5hjamaisele kliimale m\u00f5eldud ABS plastikut. Uuri lisa siit","breadcrumb":{"@id":"https:\/\/www.lilleplast.ee\/en\/#breadcrumb"},"inLanguage":"en-US","potentialAction":[{"@type":"ReadAction","target":["https:\/\/www.lilleplast.ee\/en\/"]}]},{"@type":"BreadcrumbList","@id":"https:\/\/www.lilleplast.ee\/en\/#breadcrumb","itemListElement":[{"@type":"ListItem","position":1,"name":"Home","item":"https:\/\/www.lilleplast.ee\/en\/"},{"@type":"ListItem","position":2,"name":"Home"}]},{"@type":"WebSite","@id":"https:\/\/lilleplast.ee\/#website","url":"https:\/\/lilleplast.ee\/","name":"Lilleplast | Eesti juhtiv numbrialuste tootja","description":"Eesti juhtiv numbrialuste tootja","potentialAction":[{"@type":"SearchAction","target":{"@type":"EntryPoint","urlTemplate":"https:\/\/lilleplast.ee\/?s={search_term_string}"},"query-input":{"@type":"PropertyValueSpecification","valueRequired":true,"valueName":"search_term_string"}}],"inLanguage":"en-US"}]}},"_links":{"self":[{"href":"https:\/\/lilleplast.ee\/en\/wp-json\/wp\/v2\/pages\/595","targetHints":{"allow":["GET"]}}],"collection":[{"href":"https:\/\/lilleplast.ee\/en\/wp-json\/wp\/v2\/pages"}],"about":[{"href":"https:\/\/lilleplast.ee\/en\/wp-json\/wp\/v2\/types\/page"}],"author":[{"embeddable":true,"href":"https:\/\/lilleplast.ee\/en\/wp-json\/wp\/v2\/users\/1"}],"replies":[{"embeddable":true,"href":"https:\/\/lilleplast.ee\/en\/wp-json\/wp\/v2\/comments?post=595"}],"version-history":[{"count":5,"href":"https:\/\/lilleplast.ee\/en\/wp-json\/wp\/v2\/pages\/595\/revisions"}],"predecessor-version":[{"id":1062,"href":"https:\/\/lilleplast.ee\/en\/wp-json\/wp\/v2\/pages\/595\/revisions\/1062"}],"wp:attachment":[{"href":"https:\/\/lilleplast.ee\/en\/wp-json\/wp\/v2\/media?parent=595"}],"curies":[{"name":"wp","href":"https:\/\/api.w.org\/{rel}","templated":true}]}}