{"id":613,"date":"2018-01-18T13:53:40","date_gmt":"2018-01-18T11:53:40","guid":{"rendered":"https:\/\/www.lilleplast.ee\/?page_id=613"},"modified":"2018-01-18T13:53:40","modified_gmt":"2018-01-18T11:53:40","slug":"printing-number-plate-frames","status":"publish","type":"page","link":"https:\/\/lilleplast.ee\/en\/products\/printing-number-plate-frames\/","title":{"rendered":"Printing on number plate frames"},"content":{"rendered":"<div class=\"wpb-content-wrapper\">[vc_row][vc_column][vc_column_text]The information to be printed on the number plate frame (logo, advert, etc.) needs to be provided in vector graphics format (ai, cdr). It can also be provided in PDF format. If you have no design, we can provide you with one. Dimensions of printed text. Maximum.[\/vc_column_text][\/vc_column][\/vc_row][vc_row][vc_column][vc_gallery type=&#8221;image_grid&#8221; images=&#8221;212,216,220,224,228,232&#8243; img_size=&#8221;250&#215;140&#8243;][\/vc_column][\/vc_row]\n<\/div>","protected":false},"excerpt":{"rendered":"<p>[vc_row][vc_column][vc_column_text]The information to be printed on the number plate frame (logo, advert, etc.) needs to be provided in vector graphics format (ai, cdr). It can also be provided in PDF format. If you have no design, we can provide you with one. Dimensions of printed text. Maximum.[\/vc_column_text][\/vc_column][\/vc_row][vc_row][vc_column][vc_gallery type=&#8221;image_grid&#8221; images=&#8221;212,216,220,224,228,232&#8243; img_size=&#8221;250&#215;140&#8243;][\/vc_column][\/vc_row]<\/p>\n","protected":false},"author":1,"featured_media":0,"parent":605,"menu_order":0,"comment_status":"closed","ping_status":"closed","template":"","meta":{"footnotes":""},"class_list":["post-613","page","type-page","status-publish","hentry"],"yoast_head":"<!-- This site is optimized with the Yoast SEO plugin v27.3 - https:\/\/yoast.com\/product\/yoast-seo-wordpress\/ -->\n<title>Printing on number plate frames | Lilleplast | Eesti juhtiv numbrialuste tootja<\/title>\n<meta name=\"description\" content=\"Lilleplast tegeleb numbrim\u00e4rgialuste tootmisega. Oleme Eesti juhtiv numbrialuste tootja kasutades p\u00f5hjamaisele kliimale m\u00f5eldud ABS plastikut. Uuri lisa siit\" \/>\n<meta name=\"robots\" content=\"index, follow, max-snippet:-1, max-image-preview:large, max-video-preview:-1\" \/>\n<link rel=\"canonical\" href=\"https:\/\/www.lilleplast.ee\/en\/products\/printing-number-plate-frames\/\" \/>\n<meta property=\"og:locale\" content=\"en_US\" \/>\n<meta property=\"og:type\" content=\"article\" \/>\n<meta property=\"og:title\" content=\"Printing on number plate frames | Lilleplast | Eesti juhtiv numbrialuste tootja\" \/>\n<meta property=\"og:description\" content=\"Lilleplast tegeleb numbrim\u00e4rgialuste tootmisega. Oleme Eesti juhtiv numbrialuste tootja kasutades p\u00f5hjamaisele kliimale m\u00f5eldud ABS plastikut. Uuri lisa siit\" \/>\n<meta property=\"og:url\" content=\"https:\/\/www.lilleplast.ee\/en\/products\/printing-number-plate-frames\/\" \/>\n<meta property=\"og:site_name\" content=\"Lilleplast | Eesti juhtiv numbrialuste tootja\" \/>\n<meta name=\"twitter:card\" content=\"summary_large_image\" \/>\n<script type=\"application\/ld+json\" class=\"yoast-schema-graph\">{\"@context\":\"https:\\\/\\\/schema.org\",\"@graph\":[{\"@type\":\"WebPage\",\"@id\":\"https:\\\/\\\/www.lilleplast.ee\\\/en\\\/products\\\/printing-number-plate-frames\\\/\",\"url\":\"https:\\\/\\\/www.lilleplast.ee\\\/en\\\/products\\\/printing-number-plate-frames\\\/\",\"name\":\"Printing on number plate frames | Lilleplast | Eesti juhtiv numbrialuste tootja\",\"isPartOf\":{\"@id\":\"https:\\\/\\\/lilleplast.ee\\\/#website\"},\"datePublished\":\"2018-01-18T11:53:40+00:00\",\"description\":\"Lilleplast tegeleb numbrim\u00e4rgialuste tootmisega. Oleme Eesti juhtiv numbrialuste tootja kasutades p\u00f5hjamaisele kliimale m\u00f5eldud ABS plastikut. Uuri lisa siit\",\"breadcrumb\":{\"@id\":\"https:\\\/\\\/www.lilleplast.ee\\\/en\\\/products\\\/printing-number-plate-frames\\\/#breadcrumb\"},\"inLanguage\":\"en-US\",\"potentialAction\":[{\"@type\":\"ReadAction\",\"target\":[\"https:\\\/\\\/www.lilleplast.ee\\\/en\\\/products\\\/printing-number-plate-frames\\\/\"]}]},{\"@type\":\"BreadcrumbList\",\"@id\":\"https:\\\/\\\/www.lilleplast.ee\\\/en\\\/products\\\/printing-number-plate-frames\\\/#breadcrumb\",\"itemListElement\":[{\"@type\":\"ListItem\",\"position\":1,\"name\":\"Home\",\"item\":\"https:\\\/\\\/www.lilleplast.ee\\\/en\\\/\"},{\"@type\":\"ListItem\",\"position\":2,\"name\":\"Products\",\"item\":\"https:\\\/\\\/www.lilleplast.ee\\\/en\\\/products\\\/\"},{\"@type\":\"ListItem\",\"position\":3,\"name\":\"Printing on number plate frames\"}]},{\"@type\":\"WebSite\",\"@id\":\"https:\\\/\\\/lilleplast.ee\\\/#website\",\"url\":\"https:\\\/\\\/lilleplast.ee\\\/\",\"name\":\"Lilleplast | Eesti juhtiv numbrialuste tootja\",\"description\":\"Eesti juhtiv numbrialuste tootja\",\"potentialAction\":[{\"@type\":\"SearchAction\",\"target\":{\"@type\":\"EntryPoint\",\"urlTemplate\":\"https:\\\/\\\/lilleplast.ee\\\/?s={search_term_string}\"},\"query-input\":{\"@type\":\"PropertyValueSpecification\",\"valueRequired\":true,\"valueName\":\"search_term_string\"}}],\"inLanguage\":\"en-US\"}]}<\/script>\n<!-- \/ Yoast SEO plugin. -->","yoast_head_json":{"title":"Printing on number plate frames | Lilleplast | Eesti juhtiv numbrialuste tootja","description":"Lilleplast tegeleb numbrim\u00e4rgialuste tootmisega. Oleme Eesti juhtiv numbrialuste tootja kasutades p\u00f5hjamaisele kliimale m\u00f5eldud ABS plastikut. Uuri lisa siit","robots":{"index":"index","follow":"follow","max-snippet":"max-snippet:-1","max-image-preview":"max-image-preview:large","max-video-preview":"max-video-preview:-1"},"canonical":"https:\/\/www.lilleplast.ee\/en\/products\/printing-number-plate-frames\/","og_locale":"en_US","og_type":"article","og_title":"Printing on number plate frames | Lilleplast | Eesti juhtiv numbrialuste tootja","og_description":"Lilleplast tegeleb numbrim\u00e4rgialuste tootmisega. Oleme Eesti juhtiv numbrialuste tootja kasutades p\u00f5hjamaisele kliimale m\u00f5eldud ABS plastikut. Uuri lisa siit","og_url":"https:\/\/www.lilleplast.ee\/en\/products\/printing-number-plate-frames\/","og_site_name":"Lilleplast | Eesti juhtiv numbrialuste tootja","twitter_card":"summary_large_image","schema":{"@context":"https:\/\/schema.org","@graph":[{"@type":"WebPage","@id":"https:\/\/www.lilleplast.ee\/en\/products\/printing-number-plate-frames\/","url":"https:\/\/www.lilleplast.ee\/en\/products\/printing-number-plate-frames\/","name":"Printing on number plate frames | Lilleplast | Eesti juhtiv numbrialuste tootja","isPartOf":{"@id":"https:\/\/lilleplast.ee\/#website"},"datePublished":"2018-01-18T11:53:40+00:00","description":"Lilleplast tegeleb numbrim\u00e4rgialuste tootmisega. Oleme Eesti juhtiv numbrialuste tootja kasutades p\u00f5hjamaisele kliimale m\u00f5eldud ABS plastikut. Uuri lisa siit","breadcrumb":{"@id":"https:\/\/www.lilleplast.ee\/en\/products\/printing-number-plate-frames\/#breadcrumb"},"inLanguage":"en-US","potentialAction":[{"@type":"ReadAction","target":["https:\/\/www.lilleplast.ee\/en\/products\/printing-number-plate-frames\/"]}]},{"@type":"BreadcrumbList","@id":"https:\/\/www.lilleplast.ee\/en\/products\/printing-number-plate-frames\/#breadcrumb","itemListElement":[{"@type":"ListItem","position":1,"name":"Home","item":"https:\/\/www.lilleplast.ee\/en\/"},{"@type":"ListItem","position":2,"name":"Products","item":"https:\/\/www.lilleplast.ee\/en\/products\/"},{"@type":"ListItem","position":3,"name":"Printing on number plate frames"}]},{"@type":"WebSite","@id":"https:\/\/lilleplast.ee\/#website","url":"https:\/\/lilleplast.ee\/","name":"Lilleplast | Eesti juhtiv numbrialuste tootja","description":"Eesti juhtiv numbrialuste tootja","potentialAction":[{"@type":"SearchAction","target":{"@type":"EntryPoint","urlTemplate":"https:\/\/lilleplast.ee\/?s={search_term_string}"},"query-input":{"@type":"PropertyValueSpecification","valueRequired":true,"valueName":"search_term_string"}}],"inLanguage":"en-US"}]}},"_links":{"self":[{"href":"https:\/\/lilleplast.ee\/en\/wp-json\/wp\/v2\/pages\/613","targetHints":{"allow":["GET"]}}],"collection":[{"href":"https:\/\/lilleplast.ee\/en\/wp-json\/wp\/v2\/pages"}],"about":[{"href":"https:\/\/lilleplast.ee\/en\/wp-json\/wp\/v2\/types\/page"}],"author":[{"embeddable":true,"href":"https:\/\/lilleplast.ee\/en\/wp-json\/wp\/v2\/users\/1"}],"replies":[{"embeddable":true,"href":"https:\/\/lilleplast.ee\/en\/wp-json\/wp\/v2\/comments?post=613"}],"version-history":[{"count":1,"href":"https:\/\/lilleplast.ee\/en\/wp-json\/wp\/v2\/pages\/613\/revisions"}],"predecessor-version":[{"id":614,"href":"https:\/\/lilleplast.ee\/en\/wp-json\/wp\/v2\/pages\/613\/revisions\/614"}],"up":[{"embeddable":true,"href":"https:\/\/lilleplast.ee\/en\/wp-json\/wp\/v2\/pages\/605"}],"wp:attachment":[{"href":"https:\/\/lilleplast.ee\/en\/wp-json\/wp\/v2\/media?parent=613"}],"curies":[{"name":"wp","href":"https:\/\/api.w.org\/{rel}","templated":true}]}}