{"id":626,"date":"2018-01-18T14:05:28","date_gmt":"2018-01-18T12:05:28","guid":{"rendered":"https:\/\/www.lilleplast.ee\/?page_id=626"},"modified":"2023-04-19T23:42:56","modified_gmt":"2023-04-19T20:42:56","slug":"etusivu","status":"publish","type":"page","link":"https:\/\/lilleplast.ee\/fi\/","title":{"rendered":"Etusivu"},"content":{"rendered":"<div class=\"wpb-content-wrapper\">[vc_row el_class=&#8221;slaider&#8221;][vc_column][rev_slider_vc alias=&#8221;fin&#8221;][\/vc_column][\/vc_row][vc_row css=&#8221;.vc_custom_1515948701065{margin-bottom: 90px !important;}&#8221;][vc_column][vc_column_text]<div class=\"carousel-slider-outer carousel-slider-outer-image-carousel-url carousel-slider-outer-829\" style=\"--carousel-slider-nav-color:#f1f1f1;--carousel-slider-active-nav-color:#ffffff;--carousel-slider-arrow-size:40px;--carousel-slider-bullet-size:10px\">\n<div id=\"&#039;id-829\" class=\"carousel-slider carousel-slider-829 arrows-visibility-always dots-visibility-never arrows-inside dots-center dots-square owl-carousel\" data-slide-type=\"image-carousel-url\" data-owl-settings='{\"nav\":true,\"dots\":false,\"slideBy\":1,\"stagePadding\":20,\"margin\":30,\"loop\":true,\"lazyLoad\":false,\"autoplay\":false,\"autoplayTimeout\":5000,\"autoplaySpeed\":500,\"autoplayHoverPause\":false,\"autoWidth\":false,\"responsive\":{\"300\":{\"items\":1},\"576\":{\"items\":2},\"768\":{\"items\":2},\"1024\":{\"items\":3},\"1280\":{\"items\":4},\"1536\":{\"items\":5}}}'>\n<div class=\"carousel-slider__item\">\n\t<a href=\"https:\/\/www.lilleplast.ee\/fi\/tuotteet\/viron-eun-rekisterikilven-taustalevy\/\" target=\"_self\"><img decoding=\"async\" alt=\"\" src=\"https:\/\/www.lilleplast.ee\/wp-content\/uploads\/2018\/01\/numbrialused-est.png\" \/><div class=\"carousel-slider__caption\"><h4 class=\"title\">Viron\/EU:n rekisterikilven taustalevy<\/h4><\/div><\/a><\/div>\n<div class=\"carousel-slider__item\">\n\t<a href=\"https:\/\/www.lilleplast.ee\/fi\/tuotteet\/suomen-rekisterikilven-taustalevy\/\" target=\"_self\"><img decoding=\"async\" alt=\"\" src=\"https:\/\/www.lilleplast.ee\/wp-content\/uploads\/2018\/01\/numbrialused-fin.png\" \/><div class=\"carousel-slider__caption\"><h4 class=\"title\">Suomen rekisterikilven taustalevy<\/h4><\/div><\/a><\/div>\n<div class=\"carousel-slider__item\">\n\t<a href=\"https:\/\/www.lilleplast.ee\/fi\/tuotteet\/usan-rekisterikilven-taustalevy\/\" target=\"_self\"><img decoding=\"async\" alt=\"\" src=\"https:\/\/www.lilleplast.ee\/wp-content\/uploads\/2018\/01\/numbrialused-usa.png\" \/><div class=\"carousel-slider__caption\"><h4 class=\"title\">Viron USA tyypin rekisterikilven taustalevy<\/h4><\/div><\/a><\/div>\n<div class=\"carousel-slider__item\">\n\t<a href=\"https:\/\/www.lilleplast.ee\/fi\/tuotteet\/moottoripyorien-rekisterikilven-taustalevy\/\" target=\"_self\"><img decoding=\"async\" alt=\"\" src=\"https:\/\/www.lilleplast.ee\/wp-content\/uploads\/2018\/01\/mootorratta-numbrialused.png\" \/><div class=\"carousel-slider__caption\"><h4 class=\"title\">Viron moottoripy\u00f6r\u00e4n taustalevy<\/h4><\/div><\/a><\/div>\n<div class=\"carousel-slider__item\">\n\t<a href=\"https:\/\/www.lilleplast.ee\/fi\/tuotteet\/kuorma-autojen-rekisterikilven-taustalevy\/\" target=\"_self\"><img decoding=\"async\" alt=\"\" src=\"https:\/\/www.lilleplast.ee\/wp-content\/uploads\/2018\/01\/numbrialused-est.png\" \/><div class=\"carousel-slider__caption\"><h4 class=\"title\">Viron kuorma-auton rekisterikilven taustalevy<\/h4><\/div><\/a><\/div>\n<div class=\"carousel-slider__item\">\n\t<a href=\"https:\/\/www.lilleplast.ee\/fi\/tuotteet\/rekisterikilpien-painaminen\/\" target=\"_self\"><img decoding=\"async\" alt=\"\" src=\"https:\/\/www.lilleplast.ee\/wp-content\/uploads\/2018\/01\/numbrimargialuste-trukk.png\" \/><div class=\"carousel-slider__caption\"><h4 class=\"title\">Rekisterikilven taustalevy omalla tekstill\u00e4, rekisterikilpien painaminen<\/h4><\/div><\/a><\/div>\n<div class=\"carousel-slider__item\">\n\t<a href=\"https:\/\/www.lilleplast.ee\/fi\/tuotteet\/painettu-muovinen-rekisterikilpi\/\" target=\"_self\"><img decoding=\"async\" alt=\"\" src=\"https:\/\/www.lilleplast.ee\/wp-content\/uploads\/2018\/01\/rinta-jouppi.png\" \/><div class=\"carousel-slider__caption\"><h4 class=\"title\">Muovinen myyntikilpi<\/h4><\/div><\/a><\/div>\n<div class=\"carousel-slider__item\">\n\t<a href=\"https:\/\/www.lilleplast.ee\/fi\/tuotteet\/erikoistilaustyot\/\" target=\"_self\"><img decoding=\"async\" alt=\"\" src=\"https:\/\/www.lilleplast.ee\/wp-content\/uploads\/2018\/01\/eritellimustood-1.png\" \/><div class=\"carousel-slider__caption\"><h4 class=\"title\">Erikoistilaukset<\/h4><\/div><\/a><\/div>\n<div class=\"carousel-slider__item\">\n\t<a href=\"https:\/\/www.lilleplast.ee\/fi\/tuotteet\/foliopainatus-kulta-tai-hopea-peili\/\" target=\"_self\"><img decoding=\"async\" alt=\"\" src=\"https:\/\/www.lilleplast.ee\/wp-content\/uploads\/2019\/12\/lilleplast-numbrialus.jpg\" \/><div class=\"carousel-slider__caption\"><h4 class=\"title\">Foliopainetut rekisterikilven taustalevyt<\/h4><\/div><\/a><\/div>\n<div class=\"carousel-slider__item\">\n\t<a href=\"https:\/\/www.lilleplast.ee\/fi\/tuotteet\/muovitasku-koekilvelle\/\" target=\"_self\"><img decoding=\"async\" alt=\"Muovitasku Koenumerokilvelle\" src=\"https:\/\/www.lilleplast.ee\/wp-content\/uploads\/2020\/08\/tasku-numbrimargile.jpg\" \/><div class=\"carousel-slider__caption\"><h4 class=\"title\">Muovitasku Koenumerokilvelle<\/h4><\/div><\/a><\/div>\n<\/div><!-- .carousel-slider-829 -->\n<\/div><!-- .carousel-slider-outer-829 -->\n[\/vc_column_text][\/vc_column][\/vc_row][vc_row css=&#8221;.vc_custom_1515949120409{margin-bottom: 100px !important;}&#8221;][vc_column width=&#8221;3\/4&#8243;][vc_row_inner][vc_column_inner width=&#8221;1\/6&#8243;][vc_custom_heading text=&#8221;MEIST\u00c4&#8221; font_container=&#8221;tag:h2|font_size:26px|text_align:left|color:%23ffffff|line_height:30px&#8221; google_fonts=&#8221;font_family:Oswald%3A300%2Cregular%2C700|font_style:400%20regular%3A400%3Anormal&#8221;][\/vc_column_inner][vc_column_inner width=&#8221;5\/6&#8243;][vc_column_text]Tervetuloa Lilleplastin verkkosivuille. Yrityksemme perusarvoja ovat avoimuus, progressiivisuus ja omistautuminen. Yritys aloitti toimintansa vuonna 1987. P\u00e4\u00e4toimialamme on laadukkaiden rekisterikilpien taustalevyjen valmistaminen kest\u00e4v\u00e4st\u00e4 ABS-muovista. Haluamme olla asiakkaillemme paras ja ammattitaitoisin kumppani. Otamme vastaan my\u00f6s muovisten tuotteiden erikoistilauksia. Kiitos, ett\u00e4 olette valinneet Lilleplast Oy:n tuotteet.[\/vc_column_text][\/vc_column_inner][\/vc_row_inner][vc_row_inner css=&#8221;.vc_custom_1515948935261{margin-top: 15px !important;}&#8221;][vc_column_inner width=&#8221;1\/6&#8243;][\/vc_column_inner][vc_column_inner width=&#8221;2\/3&#8243;][vc_single_image image=&#8221;122&#8243; img_size=&#8221;full&#8221; css=&#8221;.vc_custom_1515948833534{margin-bottom: 20px !important;}&#8221;][\/vc_column_inner][vc_column_inner width=&#8221;1\/6&#8243;][vc_custom_heading text=&#8221;LUE LIS\u00c4\u00c4&#8221; font_container=&#8221;tag:p|font_size:18px|text_align:right|color:%23ff2c2c|line_height:22px&#8221; google_fonts=&#8221;font_family:Quicksand%3A300%2Cregular%2C700|font_style:700%20bold%20regular%3A700%3Anormal&#8221; link=&#8221;url:https%3A%2F%2Fwww.lilleplast.ee%2Ffi%2Fmeista%2F|||&#8221; css=&#8221;.vc_custom_1522857251965{margin-bottom: 20px !important;}&#8221;][\/vc_column_inner][\/vc_row_inner][\/vc_column][vc_column width=&#8221;1\/4&#8243;][\/vc_column][\/vc_row][vc_row css=&#8221;.vc_custom_1515949824518{margin-bottom: 60px !important;}&#8221;][vc_column width=&#8221;1\/2&#8243;][\/vc_column][vc_column width=&#8221;1\/2&#8243;][vc_row_inner css=&#8221;.vc_custom_1515949205623{margin-bottom: 10px !important;}&#8221;][vc_column_inner width=&#8221;1\/3&#8243; css=&#8221;.vc_custom_1515949194252{margin-bottom: 20px !important;}&#8221;][vc_custom_heading text=&#8221;OHJEET&#8221; font_container=&#8221;tag:h2|font_size:26px|text_align:left|color:%23ffffff|line_height:30px&#8221; google_fonts=&#8221;font_family:Oswald%3A300%2Cregular%2C700|font_style:400%20regular%3A400%3Anormal&#8221;][\/vc_column_inner][vc_column_inner width=&#8221;2\/3&#8243;][vc_column_text]\n<p style=\"text-align: left;\">Rekisterikilpiemme asentaminen on helppoa ja kest\u00e4\u00e4 vain muutaman minuutin.<\/p>\n[\/vc_column_text][\/vc_column_inner][\/vc_row_inner][vc_row_inner css=&#8221;.vc_custom_1515948935261{margin-top: 15px !important;}&#8221;][vc_column_inner width=&#8221;2\/3&#8243;][vc_single_image image=&#8221;127&#8243; img_size=&#8221;full&#8221; css=&#8221;.vc_custom_1515949333381{margin-bottom: 20px !important;}&#8221;][\/vc_column_inner][vc_column_inner width=&#8221;1\/3&#8243;][vc_custom_heading text=&#8221;LUE LIS\u00c4\u00c4&#8221; font_container=&#8221;tag:p|font_size:18px|text_align:right|color:%23ff2c2c|line_height:22px&#8221; google_fonts=&#8221;font_family:Quicksand%3A300%2Cregular%2C700|font_style:700%20bold%20regular%3A700%3Anormal&#8221; link=&#8221;url:https%3A%2F%2Fwww.lilleplast.ee%2Ffi%2Fohjeet%2F|||&#8221; css=&#8221;.vc_custom_1516372709486{margin-bottom: 20px !important;}&#8221;][\/vc_column_inner][\/vc_row_inner][\/vc_column][\/vc_row]\n<\/div>","protected":false},"excerpt":{"rendered":"<p>[vc_row el_class=&#8221;slaider&#8221;][vc_column][rev_slider_vc alias=&#8221;fin&#8221;][\/vc_column][\/vc_row][vc_row css=&#8221;.vc_custom_1515948701065{margin-bottom: 90px !important;}&#8221;][vc_column][vc_column_text][\/vc_column_text][\/vc_column][\/vc_row][vc_row css=&#8221;.vc_custom_1515949120409{margin-bottom: 100px !important;}&#8221;][vc_column width=&#8221;3\/4&#8243;][vc_row_inner][vc_column_inner width=&#8221;1\/6&#8243;][vc_custom_heading text=&#8221;MEIST\u00c4&#8221; font_container=&#8221;tag:h2|font_size:26px|text_align:left|color:%23ffffff|line_height:30px&#8221; google_fonts=&#8221;font_family:Oswald%3A300%2Cregular%2C700|font_style:400%20regular%3A400%3Anormal&#8221;][\/vc_column_inner][vc_column_inner width=&#8221;5\/6&#8243;][vc_column_text]Tervetuloa Lilleplastin verkkosivuille. Yrityksemme perusarvoja ovat avoimuus, progressiivisuus ja omistautuminen. Yritys aloitti toimintansa vuonna 1987. P\u00e4\u00e4toimialamme on laadukkaiden rekisterikilpien taustalevyjen valmistaminen kest\u00e4v\u00e4st\u00e4 ABS-muovista. Haluamme olla asiakkaillemme paras ja ammattitaitoisin kumppani. Otamme vastaan my\u00f6s muovisten tuotteiden erikoistilauksia. Kiitos, ett\u00e4 olette valinneet Lilleplast&#8230;<\/p>\n","protected":false},"author":1,"featured_media":0,"parent":0,"menu_order":0,"comment_status":"closed","ping_status":"closed","template":"page-full.php","meta":{"footnotes":""},"class_list":["post-626","page","type-page","status-publish","hentry"],"yoast_head":"<!-- This site is optimized with the Yoast SEO plugin v27.3 - https:\/\/yoast.com\/product\/yoast-seo-wordpress\/ -->\n<title>Etusivu | Lilleplast | Eesti juhtiv numbrialuste tootja<\/title>\n<meta name=\"description\" content=\"Lilleplast tegeleb numbrim\u00e4rgialuste tootmisega. Oleme Eesti juhtiv numbrialuste tootja kasutades p\u00f5hjamaisele kliimale m\u00f5eldud ABS plastikut. Uuri lisa siit\" \/>\n<meta name=\"robots\" content=\"index, follow, max-snippet:-1, max-image-preview:large, max-video-preview:-1\" \/>\n<link rel=\"canonical\" href=\"https:\/\/www.lilleplast.ee\/fi\/\" \/>\n<meta property=\"og:locale\" content=\"fi_FI\" \/>\n<meta property=\"og:type\" content=\"article\" \/>\n<meta property=\"og:title\" content=\"Etusivu | Lilleplast | Eesti juhtiv numbrialuste tootja\" \/>\n<meta property=\"og:description\" content=\"Lilleplast tegeleb numbrim\u00e4rgialuste tootmisega. Oleme Eesti juhtiv numbrialuste tootja kasutades p\u00f5hjamaisele kliimale m\u00f5eldud ABS plastikut. Uuri lisa siit\" \/>\n<meta property=\"og:url\" content=\"https:\/\/www.lilleplast.ee\/fi\/\" \/>\n<meta property=\"og:site_name\" content=\"Lilleplast | Eesti juhtiv numbrialuste tootja\" \/>\n<meta property=\"article:modified_time\" content=\"2023-04-19T20:42:56+00:00\" \/>\n<meta name=\"twitter:card\" content=\"summary_large_image\" \/>\n<meta name=\"twitter:label1\" content=\"Arvioitu lukuaika\" \/>\n\t<meta name=\"twitter:data1\" content=\"1 minuutti\" \/>\n<script type=\"application\/ld+json\" class=\"yoast-schema-graph\">{\"@context\":\"https:\\\/\\\/schema.org\",\"@graph\":[{\"@type\":\"WebPage\",\"@id\":\"https:\\\/\\\/www.lilleplast.ee\\\/fi\\\/\",\"url\":\"https:\\\/\\\/www.lilleplast.ee\\\/fi\\\/\",\"name\":\"Etusivu | Lilleplast | Eesti juhtiv numbrialuste tootja\",\"isPartOf\":{\"@id\":\"https:\\\/\\\/lilleplast.ee\\\/#website\"},\"datePublished\":\"2018-01-18T12:05:28+00:00\",\"dateModified\":\"2023-04-19T20:42:56+00:00\",\"description\":\"Lilleplast tegeleb numbrim\u00e4rgialuste tootmisega. Oleme Eesti juhtiv numbrialuste tootja kasutades p\u00f5hjamaisele kliimale m\u00f5eldud ABS plastikut. Uuri lisa siit\",\"breadcrumb\":{\"@id\":\"https:\\\/\\\/www.lilleplast.ee\\\/fi\\\/#breadcrumb\"},\"inLanguage\":\"fi\",\"potentialAction\":[{\"@type\":\"ReadAction\",\"target\":[\"https:\\\/\\\/www.lilleplast.ee\\\/fi\\\/\"]}]},{\"@type\":\"BreadcrumbList\",\"@id\":\"https:\\\/\\\/www.lilleplast.ee\\\/fi\\\/#breadcrumb\",\"itemListElement\":[{\"@type\":\"ListItem\",\"position\":1,\"name\":\"Home\",\"item\":\"https:\\\/\\\/www.lilleplast.ee\\\/fi\\\/\"},{\"@type\":\"ListItem\",\"position\":2,\"name\":\"Etusivu\"}]},{\"@type\":\"WebSite\",\"@id\":\"https:\\\/\\\/lilleplast.ee\\\/#website\",\"url\":\"https:\\\/\\\/lilleplast.ee\\\/\",\"name\":\"Lilleplast | Eesti juhtiv numbrialuste tootja\",\"description\":\"Eesti juhtiv numbrialuste tootja\",\"potentialAction\":[{\"@type\":\"SearchAction\",\"target\":{\"@type\":\"EntryPoint\",\"urlTemplate\":\"https:\\\/\\\/lilleplast.ee\\\/?s={search_term_string}\"},\"query-input\":{\"@type\":\"PropertyValueSpecification\",\"valueRequired\":true,\"valueName\":\"search_term_string\"}}],\"inLanguage\":\"fi\"}]}<\/script>\n<!-- \/ Yoast SEO plugin. -->","yoast_head_json":{"title":"Etusivu | Lilleplast | Eesti juhtiv numbrialuste tootja","description":"Lilleplast tegeleb numbrim\u00e4rgialuste tootmisega. Oleme Eesti juhtiv numbrialuste tootja kasutades p\u00f5hjamaisele kliimale m\u00f5eldud ABS plastikut. Uuri lisa siit","robots":{"index":"index","follow":"follow","max-snippet":"max-snippet:-1","max-image-preview":"max-image-preview:large","max-video-preview":"max-video-preview:-1"},"canonical":"https:\/\/www.lilleplast.ee\/fi\/","og_locale":"fi_FI","og_type":"article","og_title":"Etusivu | Lilleplast | Eesti juhtiv numbrialuste tootja","og_description":"Lilleplast tegeleb numbrim\u00e4rgialuste tootmisega. Oleme Eesti juhtiv numbrialuste tootja kasutades p\u00f5hjamaisele kliimale m\u00f5eldud ABS plastikut. Uuri lisa siit","og_url":"https:\/\/www.lilleplast.ee\/fi\/","og_site_name":"Lilleplast | Eesti juhtiv numbrialuste tootja","article_modified_time":"2023-04-19T20:42:56+00:00","twitter_card":"summary_large_image","twitter_misc":{"Arvioitu lukuaika":"1 minuutti"},"schema":{"@context":"https:\/\/schema.org","@graph":[{"@type":"WebPage","@id":"https:\/\/www.lilleplast.ee\/fi\/","url":"https:\/\/www.lilleplast.ee\/fi\/","name":"Etusivu | Lilleplast | Eesti juhtiv numbrialuste tootja","isPartOf":{"@id":"https:\/\/lilleplast.ee\/#website"},"datePublished":"2018-01-18T12:05:28+00:00","dateModified":"2023-04-19T20:42:56+00:00","description":"Lilleplast tegeleb numbrim\u00e4rgialuste tootmisega. Oleme Eesti juhtiv numbrialuste tootja kasutades p\u00f5hjamaisele kliimale m\u00f5eldud ABS plastikut. Uuri lisa siit","breadcrumb":{"@id":"https:\/\/www.lilleplast.ee\/fi\/#breadcrumb"},"inLanguage":"fi","potentialAction":[{"@type":"ReadAction","target":["https:\/\/www.lilleplast.ee\/fi\/"]}]},{"@type":"BreadcrumbList","@id":"https:\/\/www.lilleplast.ee\/fi\/#breadcrumb","itemListElement":[{"@type":"ListItem","position":1,"name":"Home","item":"https:\/\/www.lilleplast.ee\/fi\/"},{"@type":"ListItem","position":2,"name":"Etusivu"}]},{"@type":"WebSite","@id":"https:\/\/lilleplast.ee\/#website","url":"https:\/\/lilleplast.ee\/","name":"Lilleplast | Eesti juhtiv numbrialuste tootja","description":"Eesti juhtiv numbrialuste tootja","potentialAction":[{"@type":"SearchAction","target":{"@type":"EntryPoint","urlTemplate":"https:\/\/lilleplast.ee\/?s={search_term_string}"},"query-input":{"@type":"PropertyValueSpecification","valueRequired":true,"valueName":"search_term_string"}}],"inLanguage":"fi"}]}},"_links":{"self":[{"href":"https:\/\/lilleplast.ee\/fi\/wp-json\/wp\/v2\/pages\/626","targetHints":{"allow":["GET"]}}],"collection":[{"href":"https:\/\/lilleplast.ee\/fi\/wp-json\/wp\/v2\/pages"}],"about":[{"href":"https:\/\/lilleplast.ee\/fi\/wp-json\/wp\/v2\/types\/page"}],"author":[{"embeddable":true,"href":"https:\/\/lilleplast.ee\/fi\/wp-json\/wp\/v2\/users\/1"}],"replies":[{"embeddable":true,"href":"https:\/\/lilleplast.ee\/fi\/wp-json\/wp\/v2\/comments?post=626"}],"version-history":[{"count":5,"href":"https:\/\/lilleplast.ee\/fi\/wp-json\/wp\/v2\/pages\/626\/revisions"}],"predecessor-version":[{"id":1298,"href":"https:\/\/lilleplast.ee\/fi\/wp-json\/wp\/v2\/pages\/626\/revisions\/1298"}],"wp:attachment":[{"href":"https:\/\/lilleplast.ee\/fi\/wp-json\/wp\/v2\/media?parent=626"}],"curies":[{"name":"wp","href":"https:\/\/api.w.org\/{rel}","templated":true}]}}