{"id":641,"date":"2018-01-18T14:36:05","date_gmt":"2018-01-18T12:36:05","guid":{"rendered":"https:\/\/www.lilleplast.ee\/?page_id=641"},"modified":"2018-01-20T15:15:00","modified_gmt":"2018-01-20T13:15:00","slug":"tuotteet","status":"publish","type":"page","link":"https:\/\/lilleplast.ee\/fi\/tuotteet\/","title":{"rendered":"Tuotteet"},"content":{"rendered":"<div class=\"wpb-content-wrapper\">[vc_row el_class=&#8221;tooted-tekst&#8221;][vc_column][vc_column_text]Rekisterikilven taustalevy ovat lujia ja vahvoja sek\u00e4 kest\u00e4v\u00e4t ly\u00f6ntej\u00e4 ja t\u00f6rm\u00e4yksi\u00e4. Kilvet on valmistettu ABS-muovista.<\/p>\n<p>Mit\u00e4 ABS-muovi on? Akryylinitriili-butadieeni-styreeni (ABS) on l\u00e4pin\u00e4kym\u00e4t\u00f6n termoplastinen ja amorfinen polymeeri. ABS on suhteellisen vaaraton, sill\u00e4 se ei sis\u00e4ll\u00e4 mit\u00e4\u00e4n tunnettuja karsinogeeneja, eik\u00e4 ABS-altistuksella tiedet\u00e4 olevan terveydelle haitallisia vaikutuksia. ABS:ia voidaan k\u00e4ytt\u00e4\u00e4 l\u00e4mp\u00f6tilassa -20 \u2013 80 \u00b0C.[\/vc_column_text][\/vc_column][\/vc_row]\n<\/div>","protected":false},"excerpt":{"rendered":"<p>[vc_row el_class=&#8221;tooted-tekst&#8221;][vc_column][vc_column_text]Rekisterikilven taustalevy ovat lujia ja vahvoja sek\u00e4 kest\u00e4v\u00e4t ly\u00f6ntej\u00e4 ja t\u00f6rm\u00e4yksi\u00e4. Kilvet on valmistettu ABS-muovista. Mit\u00e4 ABS-muovi on? Akryylinitriili-butadieeni-styreeni (ABS) on l\u00e4pin\u00e4kym\u00e4t\u00f6n termoplastinen ja amorfinen polymeeri. ABS on suhteellisen vaaraton, sill\u00e4 se ei sis\u00e4ll\u00e4 mit\u00e4\u00e4n tunnettuja karsinogeeneja, eik\u00e4 ABS-altistuksella tiedet\u00e4 olevan terveydelle haitallisia vaikutuksia. ABS:ia voidaan k\u00e4ytt\u00e4\u00e4 l\u00e4mp\u00f6tilassa -20 \u2013 80 \u00b0C.[\/vc_column_text][\/vc_column][\/vc_row]<\/p>\n","protected":false},"author":1,"featured_media":0,"parent":0,"menu_order":0,"comment_status":"closed","ping_status":"closed","template":"page-numbrialus.php","meta":{"footnotes":""},"class_list":["post-641","page","type-page","status-publish","hentry"],"yoast_head":"<!-- This site is optimized with the Yoast SEO plugin v27.3 - https:\/\/yoast.com\/product\/yoast-seo-wordpress\/ -->\n<title>Tuotteet | Lilleplast | Eesti juhtiv numbrialuste tootja<\/title>\n<meta name=\"description\" content=\"Lilleplast tegeleb numbrim\u00e4rgialuste tootmisega. Oleme Eesti juhtiv numbrialuste tootja kasutades p\u00f5hjamaisele kliimale m\u00f5eldud ABS plastikut. Uuri lisa siit\" \/>\n<meta name=\"robots\" content=\"index, follow, max-snippet:-1, max-image-preview:large, max-video-preview:-1\" \/>\n<link rel=\"canonical\" href=\"https:\/\/www.lilleplast.ee\/fi\/tuotteet\/\" \/>\n<meta property=\"og:locale\" content=\"fi_FI\" \/>\n<meta property=\"og:type\" content=\"article\" \/>\n<meta property=\"og:title\" content=\"Tuotteet | Lilleplast | Eesti juhtiv numbrialuste tootja\" \/>\n<meta property=\"og:description\" content=\"Lilleplast tegeleb numbrim\u00e4rgialuste tootmisega. Oleme Eesti juhtiv numbrialuste tootja kasutades p\u00f5hjamaisele kliimale m\u00f5eldud ABS plastikut. Uuri lisa siit\" \/>\n<meta property=\"og:url\" content=\"https:\/\/www.lilleplast.ee\/fi\/tuotteet\/\" \/>\n<meta property=\"og:site_name\" content=\"Lilleplast | Eesti juhtiv numbrialuste tootja\" \/>\n<meta property=\"article:modified_time\" content=\"2018-01-20T13:15:00+00:00\" \/>\n<meta name=\"twitter:card\" content=\"summary_large_image\" \/>\n<script type=\"application\/ld+json\" class=\"yoast-schema-graph\">{\"@context\":\"https:\\\/\\\/schema.org\",\"@graph\":[{\"@type\":\"WebPage\",\"@id\":\"https:\\\/\\\/www.lilleplast.ee\\\/fi\\\/tuotteet\\\/\",\"url\":\"https:\\\/\\\/www.lilleplast.ee\\\/fi\\\/tuotteet\\\/\",\"name\":\"Tuotteet | Lilleplast | Eesti juhtiv numbrialuste tootja\",\"isPartOf\":{\"@id\":\"https:\\\/\\\/lilleplast.ee\\\/#website\"},\"datePublished\":\"2018-01-18T12:36:05+00:00\",\"dateModified\":\"2018-01-20T13:15:00+00:00\",\"description\":\"Lilleplast tegeleb numbrim\u00e4rgialuste tootmisega. Oleme Eesti juhtiv numbrialuste tootja kasutades p\u00f5hjamaisele kliimale m\u00f5eldud ABS plastikut. Uuri lisa siit\",\"breadcrumb\":{\"@id\":\"https:\\\/\\\/www.lilleplast.ee\\\/fi\\\/tuotteet\\\/#breadcrumb\"},\"inLanguage\":\"fi\",\"potentialAction\":[{\"@type\":\"ReadAction\",\"target\":[\"https:\\\/\\\/www.lilleplast.ee\\\/fi\\\/tuotteet\\\/\"]}]},{\"@type\":\"BreadcrumbList\",\"@id\":\"https:\\\/\\\/www.lilleplast.ee\\\/fi\\\/tuotteet\\\/#breadcrumb\",\"itemListElement\":[{\"@type\":\"ListItem\",\"position\":1,\"name\":\"Home\",\"item\":\"https:\\\/\\\/www.lilleplast.ee\\\/fi\\\/\"},{\"@type\":\"ListItem\",\"position\":2,\"name\":\"Tuotteet\"}]},{\"@type\":\"WebSite\",\"@id\":\"https:\\\/\\\/lilleplast.ee\\\/#website\",\"url\":\"https:\\\/\\\/lilleplast.ee\\\/\",\"name\":\"Lilleplast | Eesti juhtiv numbrialuste tootja\",\"description\":\"Eesti juhtiv numbrialuste tootja\",\"potentialAction\":[{\"@type\":\"SearchAction\",\"target\":{\"@type\":\"EntryPoint\",\"urlTemplate\":\"https:\\\/\\\/lilleplast.ee\\\/?s={search_term_string}\"},\"query-input\":{\"@type\":\"PropertyValueSpecification\",\"valueRequired\":true,\"valueName\":\"search_term_string\"}}],\"inLanguage\":\"fi\"}]}<\/script>\n<!-- \/ Yoast SEO plugin. -->","yoast_head_json":{"title":"Tuotteet | Lilleplast | Eesti juhtiv numbrialuste tootja","description":"Lilleplast tegeleb numbrim\u00e4rgialuste tootmisega. Oleme Eesti juhtiv numbrialuste tootja kasutades p\u00f5hjamaisele kliimale m\u00f5eldud ABS plastikut. Uuri lisa siit","robots":{"index":"index","follow":"follow","max-snippet":"max-snippet:-1","max-image-preview":"max-image-preview:large","max-video-preview":"max-video-preview:-1"},"canonical":"https:\/\/www.lilleplast.ee\/fi\/tuotteet\/","og_locale":"fi_FI","og_type":"article","og_title":"Tuotteet | Lilleplast | Eesti juhtiv numbrialuste tootja","og_description":"Lilleplast tegeleb numbrim\u00e4rgialuste tootmisega. Oleme Eesti juhtiv numbrialuste tootja kasutades p\u00f5hjamaisele kliimale m\u00f5eldud ABS plastikut. Uuri lisa siit","og_url":"https:\/\/www.lilleplast.ee\/fi\/tuotteet\/","og_site_name":"Lilleplast | Eesti juhtiv numbrialuste tootja","article_modified_time":"2018-01-20T13:15:00+00:00","twitter_card":"summary_large_image","schema":{"@context":"https:\/\/schema.org","@graph":[{"@type":"WebPage","@id":"https:\/\/www.lilleplast.ee\/fi\/tuotteet\/","url":"https:\/\/www.lilleplast.ee\/fi\/tuotteet\/","name":"Tuotteet | Lilleplast | Eesti juhtiv numbrialuste tootja","isPartOf":{"@id":"https:\/\/lilleplast.ee\/#website"},"datePublished":"2018-01-18T12:36:05+00:00","dateModified":"2018-01-20T13:15:00+00:00","description":"Lilleplast tegeleb numbrim\u00e4rgialuste tootmisega. Oleme Eesti juhtiv numbrialuste tootja kasutades p\u00f5hjamaisele kliimale m\u00f5eldud ABS plastikut. Uuri lisa siit","breadcrumb":{"@id":"https:\/\/www.lilleplast.ee\/fi\/tuotteet\/#breadcrumb"},"inLanguage":"fi","potentialAction":[{"@type":"ReadAction","target":["https:\/\/www.lilleplast.ee\/fi\/tuotteet\/"]}]},{"@type":"BreadcrumbList","@id":"https:\/\/www.lilleplast.ee\/fi\/tuotteet\/#breadcrumb","itemListElement":[{"@type":"ListItem","position":1,"name":"Home","item":"https:\/\/www.lilleplast.ee\/fi\/"},{"@type":"ListItem","position":2,"name":"Tuotteet"}]},{"@type":"WebSite","@id":"https:\/\/lilleplast.ee\/#website","url":"https:\/\/lilleplast.ee\/","name":"Lilleplast | Eesti juhtiv numbrialuste tootja","description":"Eesti juhtiv numbrialuste tootja","potentialAction":[{"@type":"SearchAction","target":{"@type":"EntryPoint","urlTemplate":"https:\/\/lilleplast.ee\/?s={search_term_string}"},"query-input":{"@type":"PropertyValueSpecification","valueRequired":true,"valueName":"search_term_string"}}],"inLanguage":"fi"}]}},"_links":{"self":[{"href":"https:\/\/lilleplast.ee\/fi\/wp-json\/wp\/v2\/pages\/641","targetHints":{"allow":["GET"]}}],"collection":[{"href":"https:\/\/lilleplast.ee\/fi\/wp-json\/wp\/v2\/pages"}],"about":[{"href":"https:\/\/lilleplast.ee\/fi\/wp-json\/wp\/v2\/types\/page"}],"author":[{"embeddable":true,"href":"https:\/\/lilleplast.ee\/fi\/wp-json\/wp\/v2\/users\/1"}],"replies":[{"embeddable":true,"href":"https:\/\/lilleplast.ee\/fi\/wp-json\/wp\/v2\/comments?post=641"}],"version-history":[{"count":3,"href":"https:\/\/lilleplast.ee\/fi\/wp-json\/wp\/v2\/pages\/641\/revisions"}],"predecessor-version":[{"id":856,"href":"https:\/\/lilleplast.ee\/fi\/wp-json\/wp\/v2\/pages\/641\/revisions\/856"}],"wp:attachment":[{"href":"https:\/\/lilleplast.ee\/fi\/wp-json\/wp\/v2\/media?parent=641"}],"curies":[{"name":"wp","href":"https:\/\/api.w.org\/{rel}","templated":true}]}}