{"id":904,"date":"2018-03-27T13:23:07","date_gmt":"2018-03-27T10:23:07","guid":{"rendered":"https:\/\/www.lilleplast.ee\/?page_id=904"},"modified":"2018-03-27T13:23:07","modified_gmt":"2018-03-27T10:23:07","slug":"preces","status":"publish","type":"page","link":"https:\/\/lilleplast.ee\/lv\/preces\/","title":{"rendered":"Preces"},"content":{"rendered":"<div class=\"wpb-content-wrapper\">[vc_row el_class=&#8221;tooted-tekst&#8221;][vc_column][vc_column_text]Numura z\u012bmju pamatnes ir stingras, dro\u0161as un iztur\u012bgas pret triecieniem un spiedienu.[\/vc_column_text][\/vc_column][\/vc_row]\n<\/div>","protected":false},"excerpt":{"rendered":"<p>[vc_row el_class=&#8221;tooted-tekst&#8221;][vc_column][vc_column_text]Numura z\u012bmju pamatnes ir stingras, dro\u0161as un iztur\u012bgas pret triecieniem un spiedienu.[\/vc_column_text][\/vc_column][\/vc_row]<\/p>\n","protected":false},"author":1,"featured_media":0,"parent":0,"menu_order":0,"comment_status":"closed","ping_status":"closed","template":"page-numbrialus.php","meta":{"footnotes":""},"class_list":["post-904","page","type-page","status-publish","hentry"],"yoast_head":"<!-- This site is optimized with the Yoast SEO plugin v27.1.1 - https:\/\/yoast.com\/product\/yoast-seo-wordpress\/ -->\n<title>Preces | Lilleplast | Eesti juhtiv numbrialuste tootja<\/title>\n<meta name=\"description\" content=\"Lilleplast tegeleb numbrim\u00e4rgialuste tootmisega. Oleme Eesti juhtiv numbrialuste tootja kasutades p\u00f5hjamaisele kliimale m\u00f5eldud ABS plastikut. Uuri lisa siit\" \/>\n<meta name=\"robots\" content=\"index, follow, max-snippet:-1, max-image-preview:large, max-video-preview:-1\" \/>\n<link rel=\"canonical\" href=\"https:\/\/www.lilleplast.ee\/lv\/preces\/\" \/>\n<meta property=\"og:locale\" content=\"lv_LV\" \/>\n<meta property=\"og:type\" content=\"article\" \/>\n<meta property=\"og:title\" content=\"Preces | Lilleplast | Eesti juhtiv numbrialuste tootja\" \/>\n<meta property=\"og:description\" content=\"Lilleplast tegeleb numbrim\u00e4rgialuste tootmisega. Oleme Eesti juhtiv numbrialuste tootja kasutades p\u00f5hjamaisele kliimale m\u00f5eldud ABS plastikut. Uuri lisa siit\" \/>\n<meta property=\"og:url\" content=\"https:\/\/www.lilleplast.ee\/lv\/preces\/\" \/>\n<meta property=\"og:site_name\" content=\"Lilleplast | Eesti juhtiv numbrialuste tootja\" \/>\n<meta name=\"twitter:card\" content=\"summary_large_image\" \/>\n<script type=\"application\/ld+json\" class=\"yoast-schema-graph\">{\"@context\":\"https:\/\/schema.org\",\"@graph\":[{\"@type\":\"WebPage\",\"@id\":\"https:\/\/www.lilleplast.ee\/lv\/preces\/\",\"url\":\"https:\/\/www.lilleplast.ee\/lv\/preces\/\",\"name\":\"Preces | Lilleplast | Eesti juhtiv numbrialuste tootja\",\"isPartOf\":{\"@id\":\"https:\/\/lilleplast.ee\/#website\"},\"datePublished\":\"2018-03-27T10:23:07+00:00\",\"description\":\"Lilleplast tegeleb numbrim\u00e4rgialuste tootmisega. Oleme Eesti juhtiv numbrialuste tootja kasutades p\u00f5hjamaisele kliimale m\u00f5eldud ABS plastikut. Uuri lisa siit\",\"breadcrumb\":{\"@id\":\"https:\/\/www.lilleplast.ee\/lv\/preces\/#breadcrumb\"},\"inLanguage\":\"lv-LV\",\"potentialAction\":[{\"@type\":\"ReadAction\",\"target\":[\"https:\/\/www.lilleplast.ee\/lv\/preces\/\"]}]},{\"@type\":\"BreadcrumbList\",\"@id\":\"https:\/\/www.lilleplast.ee\/lv\/preces\/#breadcrumb\",\"itemListElement\":[{\"@type\":\"ListItem\",\"position\":1,\"name\":\"Home\",\"item\":\"https:\/\/www.lilleplast.ee\/lv\/\"},{\"@type\":\"ListItem\",\"position\":2,\"name\":\"Preces\"}]},{\"@type\":\"WebSite\",\"@id\":\"https:\/\/lilleplast.ee\/#website\",\"url\":\"https:\/\/lilleplast.ee\/\",\"name\":\"Lilleplast | Eesti juhtiv numbrialuste tootja\",\"description\":\"Eesti juhtiv numbrialuste tootja\",\"potentialAction\":[{\"@type\":\"SearchAction\",\"target\":{\"@type\":\"EntryPoint\",\"urlTemplate\":\"https:\/\/lilleplast.ee\/?s={search_term_string}\"},\"query-input\":{\"@type\":\"PropertyValueSpecification\",\"valueRequired\":true,\"valueName\":\"search_term_string\"}}],\"inLanguage\":\"lv-LV\"}]}<\/script>\n<!-- \/ Yoast SEO plugin. -->","yoast_head_json":{"title":"Preces | Lilleplast | Eesti juhtiv numbrialuste tootja","description":"Lilleplast tegeleb numbrim\u00e4rgialuste tootmisega. Oleme Eesti juhtiv numbrialuste tootja kasutades p\u00f5hjamaisele kliimale m\u00f5eldud ABS plastikut. Uuri lisa siit","robots":{"index":"index","follow":"follow","max-snippet":"max-snippet:-1","max-image-preview":"max-image-preview:large","max-video-preview":"max-video-preview:-1"},"canonical":"https:\/\/www.lilleplast.ee\/lv\/preces\/","og_locale":"lv_LV","og_type":"article","og_title":"Preces | Lilleplast | Eesti juhtiv numbrialuste tootja","og_description":"Lilleplast tegeleb numbrim\u00e4rgialuste tootmisega. Oleme Eesti juhtiv numbrialuste tootja kasutades p\u00f5hjamaisele kliimale m\u00f5eldud ABS plastikut. Uuri lisa siit","og_url":"https:\/\/www.lilleplast.ee\/lv\/preces\/","og_site_name":"Lilleplast | Eesti juhtiv numbrialuste tootja","twitter_card":"summary_large_image","schema":{"@context":"https:\/\/schema.org","@graph":[{"@type":"WebPage","@id":"https:\/\/www.lilleplast.ee\/lv\/preces\/","url":"https:\/\/www.lilleplast.ee\/lv\/preces\/","name":"Preces | Lilleplast | Eesti juhtiv numbrialuste tootja","isPartOf":{"@id":"https:\/\/lilleplast.ee\/#website"},"datePublished":"2018-03-27T10:23:07+00:00","description":"Lilleplast tegeleb numbrim\u00e4rgialuste tootmisega. Oleme Eesti juhtiv numbrialuste tootja kasutades p\u00f5hjamaisele kliimale m\u00f5eldud ABS plastikut. Uuri lisa siit","breadcrumb":{"@id":"https:\/\/www.lilleplast.ee\/lv\/preces\/#breadcrumb"},"inLanguage":"lv-LV","potentialAction":[{"@type":"ReadAction","target":["https:\/\/www.lilleplast.ee\/lv\/preces\/"]}]},{"@type":"BreadcrumbList","@id":"https:\/\/www.lilleplast.ee\/lv\/preces\/#breadcrumb","itemListElement":[{"@type":"ListItem","position":1,"name":"Home","item":"https:\/\/www.lilleplast.ee\/lv\/"},{"@type":"ListItem","position":2,"name":"Preces"}]},{"@type":"WebSite","@id":"https:\/\/lilleplast.ee\/#website","url":"https:\/\/lilleplast.ee\/","name":"Lilleplast | Eesti juhtiv numbrialuste tootja","description":"Eesti juhtiv numbrialuste tootja","potentialAction":[{"@type":"SearchAction","target":{"@type":"EntryPoint","urlTemplate":"https:\/\/lilleplast.ee\/?s={search_term_string}"},"query-input":{"@type":"PropertyValueSpecification","valueRequired":true,"valueName":"search_term_string"}}],"inLanguage":"lv-LV"}]}},"_links":{"self":[{"href":"https:\/\/lilleplast.ee\/lv\/wp-json\/wp\/v2\/pages\/904","targetHints":{"allow":["GET"]}}],"collection":[{"href":"https:\/\/lilleplast.ee\/lv\/wp-json\/wp\/v2\/pages"}],"about":[{"href":"https:\/\/lilleplast.ee\/lv\/wp-json\/wp\/v2\/types\/page"}],"author":[{"embeddable":true,"href":"https:\/\/lilleplast.ee\/lv\/wp-json\/wp\/v2\/users\/1"}],"replies":[{"embeddable":true,"href":"https:\/\/lilleplast.ee\/lv\/wp-json\/wp\/v2\/comments?post=904"}],"version-history":[{"count":1,"href":"https:\/\/lilleplast.ee\/lv\/wp-json\/wp\/v2\/pages\/904\/revisions"}],"predecessor-version":[{"id":905,"href":"https:\/\/lilleplast.ee\/lv\/wp-json\/wp\/v2\/pages\/904\/revisions\/905"}],"wp:attachment":[{"href":"https:\/\/lilleplast.ee\/lv\/wp-json\/wp\/v2\/media?parent=904"}],"curies":[{"name":"wp","href":"https:\/\/api.w.org\/{rel}","templated":true}]}}