{"id":927,"date":"2018-03-27T13:30:39","date_gmt":"2018-03-27T10:30:39","guid":{"rendered":"https:\/\/www.lilleplast.ee\/?page_id=927"},"modified":"2018-03-27T13:31:13","modified_gmt":"2018-03-27T10:31:13","slug":"instrukcija","status":"publish","type":"page","link":"https:\/\/lilleplast.ee\/lv\/instrukcija\/","title":{"rendered":"Instrukcija"},"content":{"rendered":"<div class=\"wpb-content-wrapper\">[vc_row css=&#8221;.vc_custom_1516039832375{margin-bottom: 30px !important;}&#8221;][vc_column][vc_column_text]<strong>Uzst\u0101d\u012b\u0161ana.<\/strong> M\u016bsu numura z\u012bmju pamat\u0146u uzst\u0101d\u012b\u0161ana ir vienk\u0101r\u0161a un aiz\u0146em tikai da\u017eas min\u016btes.[\/vc_column_text][\/vc_column][\/vc_row][vc_row][vc_column width=&#8221;1\/2&#8243;][vc_custom_heading text=&#8221;1. Piestipriniet numura z\u012bmes pamatni pie transportl\u012bdzek\u013ca, ieskr\u016bv\u0113jot 2-4 skr\u016bves t\u0101m paredz\u0113taj\u0101s atver\u0113s.&#8221; font_container=&#8221;tag:p|font_size:17px|text_align:left|color:%23ffffff|line_height:22px&#8221; use_theme_fonts=&#8221;yes&#8221; css=&#8221;.vc_custom_1522146603390{margin-bottom: 15px !important;}&#8221;][vc_single_image image=&#8221;470&#8243; img_size=&#8221;full&#8221; css=&#8221;.vc_custom_1516039032259{margin-bottom: 40px !important;}&#8221;][\/vc_column][vc_column width=&#8221;1\/2&#8243;][vc_custom_heading text=&#8221;2. No\u0146emiet pamatnes vid\u016b eso\u0161os stiprin\u0101jumus.&#8221; font_container=&#8221;tag:p|font_size:17px|text_align:left|color:%23ffffff|line_height:22px&#8221; use_theme_fonts=&#8221;yes&#8221; css=&#8221;.vc_custom_1522146613039{margin-bottom: 35px !important;}&#8221;][vc_single_image image=&#8221;474&#8243; img_size=&#8221;full&#8221; css=&#8221;.vc_custom_1516039073407{margin-bottom: 40px !important;}&#8221;][\/vc_column][\/vc_row][vc_row][vc_column width=&#8221;1\/2&#8243;][vc_custom_heading text=&#8221;3. Ievietojiet pamatn\u0113 numura z\u012bmi no apak\u0161puses.&#8221; font_container=&#8221;tag:p|font_size:17px|text_align:left|color:%23ffffff|line_height:22px&#8221; use_theme_fonts=&#8221;yes&#8221; css=&#8221;.vc_custom_1522146670550{margin-bottom: 15px !important;}&#8221;][vc_single_image image=&#8221;478&#8243; img_size=&#8221;full&#8221; css=&#8221;.vc_custom_1516039118755{margin-bottom: 40px !important;}&#8221;][\/vc_column][vc_column width=&#8221;1\/2&#8243;][vc_custom_heading text=&#8221;4. Iespiediet stiprin\u0101jumus attiec\u012bgaj\u0101s stiprin\u0101jumu atver\u0113s.&#8221; font_container=&#8221;tag:p|font_size:17px|text_align:left|color:%23ffffff|line_height:22px&#8221; use_theme_fonts=&#8221;yes&#8221; css=&#8221;.vc_custom_1522146664051{margin-bottom: 38px !important;}&#8221;][vc_single_image image=&#8221;482&#8243; img_size=&#8221;full&#8221; css=&#8221;.vc_custom_1516039187111{margin-bottom: 40px !important;}&#8221;][\/vc_column][\/vc_row]\n<\/div>","protected":false},"excerpt":{"rendered":"<p>[vc_row css=&#8221;.vc_custom_1516039832375{margin-bottom: 30px !important;}&#8221;][vc_column][vc_column_text]Uzst\u0101d\u012b\u0161ana. M\u016bsu numura z\u012bmju pamat\u0146u uzst\u0101d\u012b\u0161ana ir vienk\u0101r\u0161a un aiz\u0146em tikai da\u017eas min\u016btes.[\/vc_column_text][\/vc_column][\/vc_row][vc_row][vc_column width=&#8221;1\/2&#8243;][vc_custom_heading text=&#8221;1. Piestipriniet numura z\u012bmes pamatni pie transportl\u012bdzek\u013ca, ieskr\u016bv\u0113jot 2-4 skr\u016bves t\u0101m paredz\u0113taj\u0101s atver\u0113s.&#8221; font_container=&#8221;tag:p|font_size:17px|text_align:left|color:%23ffffff|line_height:22px&#8221; use_theme_fonts=&#8221;yes&#8221; css=&#8221;.vc_custom_1522146603390{margin-bottom: 15px !important;}&#8221;][vc_single_image image=&#8221;470&#8243; img_size=&#8221;full&#8221; css=&#8221;.vc_custom_1516039032259{margin-bottom: 40px !important;}&#8221;][\/vc_column][vc_column width=&#8221;1\/2&#8243;][vc_custom_heading text=&#8221;2. No\u0146emiet pamatnes vid\u016b eso\u0161os stiprin\u0101jumus.&#8221; font_container=&#8221;tag:p|font_size:17px|text_align:left|color:%23ffffff|line_height:22px&#8221; use_theme_fonts=&#8221;yes&#8221; css=&#8221;.vc_custom_1522146613039{margin-bottom: 35px !important;}&#8221;][vc_single_image image=&#8221;474&#8243; img_size=&#8221;full&#8221; css=&#8221;.vc_custom_1516039073407{margin-bottom:&#8230;<\/p>\n","protected":false},"author":1,"featured_media":0,"parent":0,"menu_order":0,"comment_status":"closed","ping_status":"closed","template":"","meta":{"footnotes":""},"class_list":["post-927","page","type-page","status-publish","hentry"],"yoast_head":"<!-- This site is optimized with the Yoast SEO plugin v27.3 - https:\/\/yoast.com\/product\/yoast-seo-wordpress\/ -->\n<title>Instrukcija | Lilleplast | Eesti juhtiv numbrialuste tootja<\/title>\n<meta name=\"description\" content=\"Lilleplast tegeleb numbrim\u00e4rgialuste tootmisega. Oleme Eesti juhtiv numbrialuste tootja kasutades p\u00f5hjamaisele kliimale m\u00f5eldud ABS plastikut. Uuri lisa siit\" \/>\n<meta name=\"robots\" content=\"index, follow, max-snippet:-1, max-image-preview:large, max-video-preview:-1\" \/>\n<link rel=\"canonical\" href=\"https:\/\/lilleplast.ee\/lv\/instrukcija\/\" \/>\n<meta property=\"og:locale\" content=\"lv_LV\" \/>\n<meta property=\"og:type\" content=\"article\" \/>\n<meta property=\"og:title\" content=\"Instrukcija | Lilleplast | Eesti juhtiv numbrialuste tootja\" \/>\n<meta property=\"og:description\" content=\"Lilleplast tegeleb numbrim\u00e4rgialuste tootmisega. Oleme Eesti juhtiv numbrialuste tootja kasutades p\u00f5hjamaisele kliimale m\u00f5eldud ABS plastikut. Uuri lisa siit\" \/>\n<meta property=\"og:url\" content=\"https:\/\/lilleplast.ee\/lv\/instrukcija\/\" \/>\n<meta property=\"og:site_name\" content=\"Lilleplast | Eesti juhtiv numbrialuste tootja\" \/>\n<meta property=\"article:modified_time\" content=\"2018-03-27T10:31:13+00:00\" \/>\n<meta name=\"twitter:card\" content=\"summary_large_image\" \/>\n<meta name=\"twitter:label1\" content=\"Est. reading time\" \/>\n\t<meta name=\"twitter:data1\" content=\"1 minute\" \/>\n<script type=\"application\/ld+json\" class=\"yoast-schema-graph\">{\"@context\":\"https:\\\/\\\/schema.org\",\"@graph\":[{\"@type\":\"WebPage\",\"@id\":\"https:\\\/\\\/lilleplast.ee\\\/lv\\\/instrukcija\\\/\",\"url\":\"https:\\\/\\\/lilleplast.ee\\\/lv\\\/instrukcija\\\/\",\"name\":\"Instrukcija | Lilleplast | Eesti juhtiv numbrialuste tootja\",\"isPartOf\":{\"@id\":\"https:\\\/\\\/lilleplast.ee\\\/#website\"},\"datePublished\":\"2018-03-27T10:30:39+00:00\",\"dateModified\":\"2018-03-27T10:31:13+00:00\",\"description\":\"Lilleplast tegeleb numbrim\u00e4rgialuste tootmisega. Oleme Eesti juhtiv numbrialuste tootja kasutades p\u00f5hjamaisele kliimale m\u00f5eldud ABS plastikut. Uuri lisa siit\",\"breadcrumb\":{\"@id\":\"https:\\\/\\\/lilleplast.ee\\\/lv\\\/instrukcija\\\/#breadcrumb\"},\"inLanguage\":\"lv-LV\",\"potentialAction\":[{\"@type\":\"ReadAction\",\"target\":[\"https:\\\/\\\/lilleplast.ee\\\/lv\\\/instrukcija\\\/\"]}]},{\"@type\":\"BreadcrumbList\",\"@id\":\"https:\\\/\\\/lilleplast.ee\\\/lv\\\/instrukcija\\\/#breadcrumb\",\"itemListElement\":[{\"@type\":\"ListItem\",\"position\":1,\"name\":\"Home\",\"item\":\"https:\\\/\\\/www.lilleplast.ee\\\/lv\\\/\"},{\"@type\":\"ListItem\",\"position\":2,\"name\":\"Instrukcija\"}]},{\"@type\":\"WebSite\",\"@id\":\"https:\\\/\\\/lilleplast.ee\\\/#website\",\"url\":\"https:\\\/\\\/lilleplast.ee\\\/\",\"name\":\"Lilleplast | Eesti juhtiv numbrialuste tootja\",\"description\":\"Eesti juhtiv numbrialuste tootja\",\"potentialAction\":[{\"@type\":\"SearchAction\",\"target\":{\"@type\":\"EntryPoint\",\"urlTemplate\":\"https:\\\/\\\/lilleplast.ee\\\/?s={search_term_string}\"},\"query-input\":{\"@type\":\"PropertyValueSpecification\",\"valueRequired\":true,\"valueName\":\"search_term_string\"}}],\"inLanguage\":\"lv-LV\"}]}<\/script>\n<!-- \/ Yoast SEO plugin. -->","yoast_head_json":{"title":"Instrukcija | Lilleplast | Eesti juhtiv numbrialuste tootja","description":"Lilleplast tegeleb numbrim\u00e4rgialuste tootmisega. Oleme Eesti juhtiv numbrialuste tootja kasutades p\u00f5hjamaisele kliimale m\u00f5eldud ABS plastikut. Uuri lisa siit","robots":{"index":"index","follow":"follow","max-snippet":"max-snippet:-1","max-image-preview":"max-image-preview:large","max-video-preview":"max-video-preview:-1"},"canonical":"https:\/\/lilleplast.ee\/lv\/instrukcija\/","og_locale":"lv_LV","og_type":"article","og_title":"Instrukcija | Lilleplast | Eesti juhtiv numbrialuste tootja","og_description":"Lilleplast tegeleb numbrim\u00e4rgialuste tootmisega. Oleme Eesti juhtiv numbrialuste tootja kasutades p\u00f5hjamaisele kliimale m\u00f5eldud ABS plastikut. Uuri lisa siit","og_url":"https:\/\/lilleplast.ee\/lv\/instrukcija\/","og_site_name":"Lilleplast | Eesti juhtiv numbrialuste tootja","article_modified_time":"2018-03-27T10:31:13+00:00","twitter_card":"summary_large_image","twitter_misc":{"Est. reading time":"1 minute"},"schema":{"@context":"https:\/\/schema.org","@graph":[{"@type":"WebPage","@id":"https:\/\/lilleplast.ee\/lv\/instrukcija\/","url":"https:\/\/lilleplast.ee\/lv\/instrukcija\/","name":"Instrukcija | Lilleplast | Eesti juhtiv numbrialuste tootja","isPartOf":{"@id":"https:\/\/lilleplast.ee\/#website"},"datePublished":"2018-03-27T10:30:39+00:00","dateModified":"2018-03-27T10:31:13+00:00","description":"Lilleplast tegeleb numbrim\u00e4rgialuste tootmisega. Oleme Eesti juhtiv numbrialuste tootja kasutades p\u00f5hjamaisele kliimale m\u00f5eldud ABS plastikut. Uuri lisa siit","breadcrumb":{"@id":"https:\/\/lilleplast.ee\/lv\/instrukcija\/#breadcrumb"},"inLanguage":"lv-LV","potentialAction":[{"@type":"ReadAction","target":["https:\/\/lilleplast.ee\/lv\/instrukcija\/"]}]},{"@type":"BreadcrumbList","@id":"https:\/\/lilleplast.ee\/lv\/instrukcija\/#breadcrumb","itemListElement":[{"@type":"ListItem","position":1,"name":"Home","item":"https:\/\/www.lilleplast.ee\/lv\/"},{"@type":"ListItem","position":2,"name":"Instrukcija"}]},{"@type":"WebSite","@id":"https:\/\/lilleplast.ee\/#website","url":"https:\/\/lilleplast.ee\/","name":"Lilleplast | Eesti juhtiv numbrialuste tootja","description":"Eesti juhtiv numbrialuste tootja","potentialAction":[{"@type":"SearchAction","target":{"@type":"EntryPoint","urlTemplate":"https:\/\/lilleplast.ee\/?s={search_term_string}"},"query-input":{"@type":"PropertyValueSpecification","valueRequired":true,"valueName":"search_term_string"}}],"inLanguage":"lv-LV"}]}},"_links":{"self":[{"href":"https:\/\/lilleplast.ee\/lv\/wp-json\/wp\/v2\/pages\/927","targetHints":{"allow":["GET"]}}],"collection":[{"href":"https:\/\/lilleplast.ee\/lv\/wp-json\/wp\/v2\/pages"}],"about":[{"href":"https:\/\/lilleplast.ee\/lv\/wp-json\/wp\/v2\/types\/page"}],"author":[{"embeddable":true,"href":"https:\/\/lilleplast.ee\/lv\/wp-json\/wp\/v2\/users\/1"}],"replies":[{"embeddable":true,"href":"https:\/\/lilleplast.ee\/lv\/wp-json\/wp\/v2\/comments?post=927"}],"version-history":[{"count":2,"href":"https:\/\/lilleplast.ee\/lv\/wp-json\/wp\/v2\/pages\/927\/revisions"}],"predecessor-version":[{"id":933,"href":"https:\/\/lilleplast.ee\/lv\/wp-json\/wp\/v2\/pages\/927\/revisions\/933"}],"wp:attachment":[{"href":"https:\/\/lilleplast.ee\/lv\/wp-json\/wp\/v2\/media?parent=927"}],"curies":[{"name":"wp","href":"https:\/\/api.w.org\/{rel}","templated":true}]}}