{"id":934,"date":"2018-03-27T13:32:34","date_gmt":"2018-03-27T10:32:34","guid":{"rendered":"https:\/\/www.lilleplast.ee\/?page_id=934"},"modified":"2020-02-25T17:08:52","modified_gmt":"2020-02-25T15:08:52","slug":"kontakti","status":"publish","type":"page","link":"https:\/\/lilleplast.ee\/lv\/kontakti\/","title":{"rendered":"Kontakti"},"content":{"rendered":"<div class=\"wpb-content-wrapper\">[vc_row][vc_column][vc_column_text]\n<h2>Lilleplast O\u00dc<\/h2>\n<p><strong>Adrese:<\/strong> Laari, Toomja k\u00fcla, Rapla vald, Rapla maakond 79323<br \/>\n<strong>T\u0101lrunis:<\/strong> +372 50 32\u00a0656; +372 52 51\u00a0742.<br \/>\n<strong>E-pasts:<\/strong> info@lilleplast.ee<\/p>\n<p><a href=\"https:\/\/www.lilleplast.ee\/wp-content\/uploads\/2019\/08\/AAA-2019-ENG.pdf\"><img loading=\"lazy\" decoding=\"async\" class=\"alignnone size-full wp-image-1098\" src=\"https:\/\/www.lilleplast.ee\/wp-content\/uploads\/2019\/08\/landscape_w-3.png\" alt=\"\" width=\"280\" height=\"75\" \/><\/a><\/p>\n<p><strong><br \/>\nRe\u0123istr\u0101cijas numurs:<\/strong> 11456878.<br \/>\n<strong>PVN maks\u0101t\u0101ja numurs:<\/strong> EE101199315.<br \/>\n<strong>Swedbank:<\/strong> EE442200221039479520;<br \/>\n<strong>SWIFT:\u00a0<\/strong>HABAEE2X.[\/vc_column_text][\/vc_column][\/vc_row]\n<\/div>","protected":false},"excerpt":{"rendered":"<p>[vc_row][vc_column][vc_column_text] Lilleplast O\u00dc Adrese: Laari, Toomja k\u00fcla, Rapla vald, Rapla maakond 79323 T\u0101lrunis: +372 50 32\u00a0656; +372 52 51\u00a0742. E-pasts: info@lilleplast.ee Re\u0123istr\u0101cijas numurs: 11456878. PVN maks\u0101t\u0101ja numurs: EE101199315. Swedbank: EE442200221039479520; SWIFT:\u00a0HABAEE2X.[\/vc_column_text][\/vc_column][\/vc_row]<\/p>\n","protected":false},"author":1,"featured_media":0,"parent":0,"menu_order":0,"comment_status":"closed","ping_status":"closed","template":"","meta":{"footnotes":""},"class_list":["post-934","page","type-page","status-publish","hentry"],"yoast_head":"<!-- This site is optimized with the Yoast SEO plugin v27.3 - https:\/\/yoast.com\/product\/yoast-seo-wordpress\/ -->\n<title>Kontakti | Lilleplast | Eesti juhtiv numbrialuste tootja<\/title>\n<meta name=\"description\" content=\"Lilleplast tegeleb numbrim\u00e4rgialuste tootmisega. Oleme Eesti juhtiv numbrialuste tootja kasutades p\u00f5hjamaisele kliimale m\u00f5eldud ABS plastikut. Uuri lisa siit\" \/>\n<meta name=\"robots\" content=\"index, follow, max-snippet:-1, max-image-preview:large, max-video-preview:-1\" \/>\n<link rel=\"canonical\" href=\"https:\/\/lilleplast.ee\/lv\/kontakti\/\" \/>\n<meta property=\"og:locale\" content=\"lv_LV\" \/>\n<meta property=\"og:type\" content=\"article\" \/>\n<meta property=\"og:title\" content=\"Kontakti | Lilleplast | Eesti juhtiv numbrialuste tootja\" \/>\n<meta property=\"og:description\" content=\"Lilleplast tegeleb numbrim\u00e4rgialuste tootmisega. Oleme Eesti juhtiv numbrialuste tootja kasutades p\u00f5hjamaisele kliimale m\u00f5eldud ABS plastikut. Uuri lisa siit\" \/>\n<meta property=\"og:url\" content=\"https:\/\/lilleplast.ee\/lv\/kontakti\/\" \/>\n<meta property=\"og:site_name\" content=\"Lilleplast | Eesti juhtiv numbrialuste tootja\" \/>\n<meta property=\"article:modified_time\" content=\"2020-02-25T15:08:52+00:00\" \/>\n<meta property=\"og:image\" content=\"https:\/\/www.lilleplast.ee\/wp-content\/uploads\/2019\/08\/landscape_w-3.png\" \/>\n<meta name=\"twitter:card\" content=\"summary_large_image\" \/>\n<script type=\"application\/ld+json\" class=\"yoast-schema-graph\">{\"@context\":\"https:\\\/\\\/schema.org\",\"@graph\":[{\"@type\":\"WebPage\",\"@id\":\"https:\\\/\\\/lilleplast.ee\\\/lv\\\/kontakti\\\/\",\"url\":\"https:\\\/\\\/lilleplast.ee\\\/lv\\\/kontakti\\\/\",\"name\":\"Kontakti | Lilleplast | Eesti juhtiv numbrialuste tootja\",\"isPartOf\":{\"@id\":\"https:\\\/\\\/lilleplast.ee\\\/#website\"},\"primaryImageOfPage\":{\"@id\":\"https:\\\/\\\/lilleplast.ee\\\/lv\\\/kontakti\\\/#primaryimage\"},\"image\":{\"@id\":\"https:\\\/\\\/lilleplast.ee\\\/lv\\\/kontakti\\\/#primaryimage\"},\"thumbnailUrl\":\"https:\\\/\\\/www.lilleplast.ee\\\/wp-content\\\/uploads\\\/2019\\\/08\\\/landscape_w-3.png\",\"datePublished\":\"2018-03-27T10:32:34+00:00\",\"dateModified\":\"2020-02-25T15:08:52+00:00\",\"description\":\"Lilleplast tegeleb numbrim\u00e4rgialuste tootmisega. Oleme Eesti juhtiv numbrialuste tootja kasutades p\u00f5hjamaisele kliimale m\u00f5eldud ABS plastikut. Uuri lisa siit\",\"breadcrumb\":{\"@id\":\"https:\\\/\\\/lilleplast.ee\\\/lv\\\/kontakti\\\/#breadcrumb\"},\"inLanguage\":\"lv-LV\",\"potentialAction\":[{\"@type\":\"ReadAction\",\"target\":[\"https:\\\/\\\/lilleplast.ee\\\/lv\\\/kontakti\\\/\"]}]},{\"@type\":\"ImageObject\",\"inLanguage\":\"lv-LV\",\"@id\":\"https:\\\/\\\/lilleplast.ee\\\/lv\\\/kontakti\\\/#primaryimage\",\"url\":\"https:\\\/\\\/www.lilleplast.ee\\\/wp-content\\\/uploads\\\/2019\\\/08\\\/landscape_w-3.png\",\"contentUrl\":\"https:\\\/\\\/www.lilleplast.ee\\\/wp-content\\\/uploads\\\/2019\\\/08\\\/landscape_w-3.png\"},{\"@type\":\"BreadcrumbList\",\"@id\":\"https:\\\/\\\/lilleplast.ee\\\/lv\\\/kontakti\\\/#breadcrumb\",\"itemListElement\":[{\"@type\":\"ListItem\",\"position\":1,\"name\":\"Home\",\"item\":\"https:\\\/\\\/www.lilleplast.ee\\\/lv\\\/\"},{\"@type\":\"ListItem\",\"position\":2,\"name\":\"Kontakti\"}]},{\"@type\":\"WebSite\",\"@id\":\"https:\\\/\\\/lilleplast.ee\\\/#website\",\"url\":\"https:\\\/\\\/lilleplast.ee\\\/\",\"name\":\"Lilleplast | Eesti juhtiv numbrialuste tootja\",\"description\":\"Eesti juhtiv numbrialuste tootja\",\"potentialAction\":[{\"@type\":\"SearchAction\",\"target\":{\"@type\":\"EntryPoint\",\"urlTemplate\":\"https:\\\/\\\/lilleplast.ee\\\/?s={search_term_string}\"},\"query-input\":{\"@type\":\"PropertyValueSpecification\",\"valueRequired\":true,\"valueName\":\"search_term_string\"}}],\"inLanguage\":\"lv-LV\"}]}<\/script>\n<!-- \/ Yoast SEO plugin. -->","yoast_head_json":{"title":"Kontakti | Lilleplast | Eesti juhtiv numbrialuste tootja","description":"Lilleplast tegeleb numbrim\u00e4rgialuste tootmisega. Oleme Eesti juhtiv numbrialuste tootja kasutades p\u00f5hjamaisele kliimale m\u00f5eldud ABS plastikut. Uuri lisa siit","robots":{"index":"index","follow":"follow","max-snippet":"max-snippet:-1","max-image-preview":"max-image-preview:large","max-video-preview":"max-video-preview:-1"},"canonical":"https:\/\/lilleplast.ee\/lv\/kontakti\/","og_locale":"lv_LV","og_type":"article","og_title":"Kontakti | Lilleplast | Eesti juhtiv numbrialuste tootja","og_description":"Lilleplast tegeleb numbrim\u00e4rgialuste tootmisega. Oleme Eesti juhtiv numbrialuste tootja kasutades p\u00f5hjamaisele kliimale m\u00f5eldud ABS plastikut. Uuri lisa siit","og_url":"https:\/\/lilleplast.ee\/lv\/kontakti\/","og_site_name":"Lilleplast | Eesti juhtiv numbrialuste tootja","article_modified_time":"2020-02-25T15:08:52+00:00","og_image":[{"url":"https:\/\/www.lilleplast.ee\/wp-content\/uploads\/2019\/08\/landscape_w-3.png","type":"","width":"","height":""}],"twitter_card":"summary_large_image","schema":{"@context":"https:\/\/schema.org","@graph":[{"@type":"WebPage","@id":"https:\/\/lilleplast.ee\/lv\/kontakti\/","url":"https:\/\/lilleplast.ee\/lv\/kontakti\/","name":"Kontakti | Lilleplast | Eesti juhtiv numbrialuste tootja","isPartOf":{"@id":"https:\/\/lilleplast.ee\/#website"},"primaryImageOfPage":{"@id":"https:\/\/lilleplast.ee\/lv\/kontakti\/#primaryimage"},"image":{"@id":"https:\/\/lilleplast.ee\/lv\/kontakti\/#primaryimage"},"thumbnailUrl":"https:\/\/www.lilleplast.ee\/wp-content\/uploads\/2019\/08\/landscape_w-3.png","datePublished":"2018-03-27T10:32:34+00:00","dateModified":"2020-02-25T15:08:52+00:00","description":"Lilleplast tegeleb numbrim\u00e4rgialuste tootmisega. Oleme Eesti juhtiv numbrialuste tootja kasutades p\u00f5hjamaisele kliimale m\u00f5eldud ABS plastikut. Uuri lisa siit","breadcrumb":{"@id":"https:\/\/lilleplast.ee\/lv\/kontakti\/#breadcrumb"},"inLanguage":"lv-LV","potentialAction":[{"@type":"ReadAction","target":["https:\/\/lilleplast.ee\/lv\/kontakti\/"]}]},{"@type":"ImageObject","inLanguage":"lv-LV","@id":"https:\/\/lilleplast.ee\/lv\/kontakti\/#primaryimage","url":"https:\/\/www.lilleplast.ee\/wp-content\/uploads\/2019\/08\/landscape_w-3.png","contentUrl":"https:\/\/www.lilleplast.ee\/wp-content\/uploads\/2019\/08\/landscape_w-3.png"},{"@type":"BreadcrumbList","@id":"https:\/\/lilleplast.ee\/lv\/kontakti\/#breadcrumb","itemListElement":[{"@type":"ListItem","position":1,"name":"Home","item":"https:\/\/www.lilleplast.ee\/lv\/"},{"@type":"ListItem","position":2,"name":"Kontakti"}]},{"@type":"WebSite","@id":"https:\/\/lilleplast.ee\/#website","url":"https:\/\/lilleplast.ee\/","name":"Lilleplast | Eesti juhtiv numbrialuste tootja","description":"Eesti juhtiv numbrialuste tootja","potentialAction":[{"@type":"SearchAction","target":{"@type":"EntryPoint","urlTemplate":"https:\/\/lilleplast.ee\/?s={search_term_string}"},"query-input":{"@type":"PropertyValueSpecification","valueRequired":true,"valueName":"search_term_string"}}],"inLanguage":"lv-LV"}]}},"_links":{"self":[{"href":"https:\/\/lilleplast.ee\/lv\/wp-json\/wp\/v2\/pages\/934","targetHints":{"allow":["GET"]}}],"collection":[{"href":"https:\/\/lilleplast.ee\/lv\/wp-json\/wp\/v2\/pages"}],"about":[{"href":"https:\/\/lilleplast.ee\/lv\/wp-json\/wp\/v2\/types\/page"}],"author":[{"embeddable":true,"href":"https:\/\/lilleplast.ee\/lv\/wp-json\/wp\/v2\/users\/1"}],"replies":[{"embeddable":true,"href":"https:\/\/lilleplast.ee\/lv\/wp-json\/wp\/v2\/comments?post=934"}],"version-history":[{"count":3,"href":"https:\/\/lilleplast.ee\/lv\/wp-json\/wp\/v2\/pages\/934\/revisions"}],"predecessor-version":[{"id":1181,"href":"https:\/\/lilleplast.ee\/lv\/wp-json\/wp\/v2\/pages\/934\/revisions\/1181"}],"wp:attachment":[{"href":"https:\/\/lilleplast.ee\/lv\/wp-json\/wp\/v2\/media?parent=934"}],"curies":[{"name":"wp","href":"https:\/\/api.w.org\/{rel}","templated":true}]}}